{"id":3509,"date":"2020-06-19T11:48:05","date_gmt":"2020-06-19T11:48:05","guid":{"rendered":"https:\/\/www.newcapbs.com\/?page_id=3509"},"modified":"2020-06-29T09:12:12","modified_gmt":"2020-06-29T09:12:12","slug":"decoracion","status":"publish","type":"page","link":"https:\/\/www.newcapbs.com\/es\/decoracion\/","title":{"rendered":"Decoraci\u00f3n"},"content":{"rendered":"\t\t<div data-elementor-type=\"wp-page\" data-elementor-id=\"3509\" class=\"elementor elementor-3509 elementor-497\" data-elementor-post-type=\"page\">\n\t\t\t\t\t\t<section class=\"elementor-section elementor-top-section elementor-element elementor-element-661ad41c elementor-section-full_width elementor-section-height-min-height elementor-section-stretched elementor-section-height-default elementor-section-items-middle\" data-id=\"661ad41c\" data-element_type=\"section\" data-e-type=\"section\" data-settings=\"{&quot;background_background&quot;:&quot;video&quot;,&quot;background_video_link&quot;:&quot;https:\\\/\\\/vimeo.com\\\/399927726&quot;,&quot;background_play_on_mobile&quot;:&quot;yes&quot;,&quot;stretch_section&quot;:&quot;section-stretched&quot;}\">\n\t\t\t\t\t\t\t\t<div class=\"elementor-background-video-container\">\n\t\t\t\t\t\t\t\t\t\t\t\t\t<div class=\"elementor-background-video-embed\" role=\"presentation\"><\/div>\n\t\t\t\t\t\t\t\t\t\t\t\t<\/div>\n\t\t\t\t\t\t\t\t\t<div class=\"elementor-background-overlay\"><\/div>\n\t\t\t\t\t\t\t<div class=\"elementor-container elementor-column-gap-default\">\n\t\t\t\t\t<div class=\"elementor-column elementor-col-100 elementor-top-column elementor-element elementor-element-82b3bb4\" data-id=\"82b3bb4\" data-element_type=\"column\" data-e-type=\"column\">\n\t\t\t<div class=\"elementor-widget-wrap\">\n\t\t\t\t\t\t\t<\/div>\n\t\t<\/div>\n\t\t\t\t\t<\/div>\n\t\t<\/section>\n\t\t\t\t<section class=\"elementor-section elementor-top-section elementor-element elementor-element-fbac9b2 elementor-section-boxed elementor-section-height-default elementor-section-height-default\" data-id=\"fbac9b2\" data-element_type=\"section\" data-e-type=\"section\">\n\t\t\t\t\t\t<div class=\"elementor-container elementor-column-gap-default\">\n\t\t\t\t\t<div class=\"elementor-column elementor-col-100 elementor-top-column elementor-element elementor-element-38950e1\" data-id=\"38950e1\" data-element_type=\"column\" data-e-type=\"column\">\n\t\t\t<div class=\"elementor-widget-wrap elementor-element-populated\">\n\t\t\t\t\t\t<div class=\"elementor-element elementor-element-33f4a53 din elementor-widget elementor-widget-heading\" data-id=\"33f4a53\" data-element_type=\"widget\" data-e-type=\"widget\" data-widget_type=\"heading.default\">\n\t\t\t\t<div class=\"elementor-widget-container\">\n\t\t\t\t\t<h2 class=\"elementor-heading-title elementor-size-default\">Decoraci\u00f3n<\/h2>\t\t\t\t<\/div>\n\t\t\t\t<\/div>\n\t\t\t\t\t<\/div>\n\t\t<\/div>\n\t\t\t\t\t<\/div>\n\t\t<\/section>\n\t\t\t\t<section class=\"elementor-section elementor-top-section elementor-element elementor-element-b31b997 elementor-section-boxed elementor-section-height-default elementor-section-height-default\" data-id=\"b31b997\" data-element_type=\"section\" data-e-type=\"section\">\n\t\t\t\t\t\t<div class=\"elementor-container elementor-column-gap-default\">\n\t\t\t\t\t<div class=\"elementor-column elementor-col-50 elementor-top-column elementor-element elementor-element-81d2cc5\" data-id=\"81d2cc5\" data-element_type=\"column\" data-e-type=\"column\">\n\t\t\t<div class=\"elementor-widget-wrap elementor-element-populated\">\n\t\t\t\t\t\t<div class=\"elementor-element elementor-element-eecd9f8 elementor-widget elementor-widget-text-editor\" data-id=\"eecd9f8\" data-element_type=\"widget\" data-e-type=\"widget\" data-widget_type=\"text-editor.default\">\n\t\t\t\t<div class=\"elementor-widget-container\">\n\t\t\t\t\t\t\t\t\t<p>Decorar la masa aporta a sus productos de pan un valor adicional. El pan decorado es popular en todos los pa\u00edses donde se come pan. NewCap responde a la necesidad de decoraci\u00f3n del pan en l\u00edneas de producci\u00f3n de pan automatizadas y ofrece una amplia gama de equipos de masa y decoraci\u00f3n de pan:<\/p><ul><li><span style=\"color: #ffffff;\">Dispensadores de semillas y harina<\/span><\/li><li><span style=\"color: #ffffff;\"> Cortadores basados en cuchillas\/agua<\/span><\/li><li><span style=\"color: #ffffff;\">Unidades de pulverizaci\u00f3n de yema de huevo<\/span><\/li><li><span style=\"color: #ffffff;\">Desgasificadores de masa<\/span><\/li><li><span style=\"color: #ffffff;\">Compactadores de masa<\/span><\/li><li><span style=\"color: #ffffff;\">Cepillos de masa<\/span><\/li><li><span style=\"color: #ffffff;\">Unidades de pulverizaci\u00f3n de agua<\/span><\/li><\/ul><p>\u00a0<\/p><p>El dise\u00f1o de estas unidades depende de su capacidad de producci\u00f3n y de sus especificaciones.<\/p>\t\t\t\t\t\t\t\t<\/div>\n\t\t\t\t<\/div>\n\t\t\t\t\t<\/div>\n\t\t<\/div>\n\t\t\t\t<div class=\"elementor-column elementor-col-50 elementor-top-column elementor-element elementor-element-ad533d3\" data-id=\"ad533d3\" data-element_type=\"column\" data-e-type=\"column\">\n\t\t\t<div class=\"elementor-widget-wrap\">\n\t\t\t\t\t\t\t<\/div>\n\t\t<\/div>\n\t\t\t\t\t<\/div>\n\t\t<\/section>\n\t\t\t\t<section class=\"elementor-section elementor-top-section elementor-element elementor-element-57e5f94 elementor-section-full_width elementor-section-height-default elementor-section-height-default\" data-id=\"57e5f94\" data-element_type=\"section\" data-e-type=\"section\">\n\t\t\t\t\t\t<div class=\"elementor-container elementor-column-gap-default\">\n\t\t\t\t\t<div class=\"elementor-column elementor-col-100 elementor-top-column elementor-element elementor-element-3b40824\" data-id=\"3b40824\" data-element_type=\"column\" data-e-type=\"column\">\n\t\t\t<div class=\"elementor-widget-wrap elementor-element-populated\">\n\t\t\t\t\t\t<div class=\"elementor-element elementor-element-358e307 elementor-widget elementor-widget-image\" data-id=\"358e307\" data-element_type=\"widget\" data-e-type=\"widget\" data-widget_type=\"image.default\">\n\t\t\t\t<div class=\"elementor-widget-container\">\n\t\t\t\t\t\t\t\t\t\t\t\t\t\t\t<img fetchpriority=\"high\" decoding=\"async\" width=\"2500\" height=\"530\" src=\"https:\/\/www.newcapbs.com\/wp-content\/uploads\/2020\/05\/decorating.jpg\" class=\"attachment-full size-full wp-image-1873\" alt=\"Universal seeders and water cutter for decorating\" srcset=\"https:\/\/www.newcapbs.com\/wp-content\/uploads\/2020\/05\/decorating.jpg 2500w, https:\/\/www.newcapbs.com\/wp-content\/uploads\/2020\/05\/decorating-300x64.jpg 300w, https:\/\/www.newcapbs.com\/wp-content\/uploads\/2020\/05\/decorating-1024x217.jpg 1024w, https:\/\/www.newcapbs.com\/wp-content\/uploads\/2020\/05\/decorating-768x163.jpg 768w, https:\/\/www.newcapbs.com\/wp-content\/uploads\/2020\/05\/decorating-1536x326.jpg 1536w, https:\/\/www.newcapbs.com\/wp-content\/uploads\/2020\/05\/decorating-2048x434.jpg 2048w, https:\/\/www.newcapbs.com\/wp-content\/uploads\/2020\/05\/decorating-700x148.jpg 700w\" sizes=\"(max-width: 2500px) 100vw, 2500px\" \/>\t\t\t\t\t\t\t\t\t\t\t\t\t\t\t<\/div>\n\t\t\t\t<\/div>\n\t\t\t\t\t<\/div>\n\t\t<\/div>\n\t\t\t\t\t<\/div>\n\t\t<\/section>\n\t\t\t\t<section class=\"elementor-section elementor-top-section elementor-element elementor-element-b4d9b8f elementor-section-boxed elementor-section-height-default elementor-section-height-default\" data-id=\"b4d9b8f\" data-element_type=\"section\" data-e-type=\"section\">\n\t\t\t\t\t\t<div class=\"elementor-container elementor-column-gap-default\">\n\t\t\t\t\t<div class=\"elementor-column elementor-col-100 elementor-top-column elementor-element elementor-element-c26b644\" data-id=\"c26b644\" data-element_type=\"column\" data-e-type=\"column\">\n\t\t\t<div class=\"elementor-widget-wrap elementor-element-populated\">\n\t\t\t\t\t\t<div class=\"elementor-element elementor-element-ebfd4f3 elementor-widget elementor-widget-spacer\" data-id=\"ebfd4f3\" data-element_type=\"widget\" data-e-type=\"widget\" data-widget_type=\"spacer.default\">\n\t\t\t\t<div class=\"elementor-widget-container\">\n\t\t\t\t\t\t\t<div class=\"elementor-spacer\">\n\t\t\t<div class=\"elementor-spacer-inner\"><\/div>\n\t\t<\/div>\n\t\t\t\t\t\t<\/div>\n\t\t\t\t<\/div>\n\t\t\t\t\t<\/div>\n\t\t<\/div>\n\t\t\t\t\t<\/div>\n\t\t<\/section>\n\t\t\t\t<\/div>\n\t\t","protected":false},"excerpt":{"rendered":"<p>Decoraci\u00f3n Decorar la masa aporta a sus productos de pan un valor adicional. El pan decorado es popular en todos los pa\u00edses donde se come pan. NewCap responde a la necesidad de decoraci\u00f3n del pan en l\u00edneas de producci\u00f3n de pan automatizadas y ofrece una&#8230;<\/p>\n","protected":false},"author":7,"featured_media":0,"parent":0,"menu_order":0,"comment_status":"closed","ping_status":"closed","template":"","meta":{"footnotes":""},"class_list":["post-3509","page","type-page","status-publish","hentry"],"yoast_head":"<!-- This site is optimized with the Yoast SEO Premium plugin v27.2 (Yoast SEO v27.2) - https:\/\/yoast.com\/product\/yoast-seo-premium-wordpress\/ -->\n<title>Decoraci\u00f3n - NewCap<\/title>\n<meta name=\"robots\" content=\"index, follow, max-snippet:-1, max-image-preview:large, max-video-preview:-1\" \/>\n<link rel=\"canonical\" href=\"https:\/\/www.newcapbs.com\/es\/decoracion\/\" \/>\n<meta property=\"og:locale\" content=\"es_ES\" \/>\n<meta property=\"og:type\" content=\"article\" \/>\n<meta property=\"og:title\" content=\"Decoraci\u00f3n\" \/>\n<meta property=\"og:description\" content=\"Decoraci\u00f3n Decorar la masa aporta a sus productos de pan un valor adicional. El pan decorado es popular en todos los pa\u00edses donde se come pan. NewCap responde a la necesidad de decoraci\u00f3n del pan en l\u00edneas de producci\u00f3n de pan automatizadas y ofrece una...\" \/>\n<meta property=\"og:url\" content=\"https:\/\/www.newcapbs.com\/es\/decoracion\/\" \/>\n<meta property=\"og:site_name\" content=\"NewCap\" \/>\n<meta property=\"article:modified_time\" content=\"2020-06-29T09:12:12+00:00\" \/>\n<meta property=\"og:image\" content=\"https:\/\/www.newcapbs.com\/wp-content\/uploads\/2020\/05\/decorating.jpg\" \/>\n<meta name=\"twitter:card\" content=\"summary_large_image\" \/>\n<meta name=\"twitter:label1\" content=\"Tiempo de lectura\" \/>\n\t<meta name=\"twitter:data1\" content=\"1 minuto\" \/>\n<script type=\"application\/ld+json\" class=\"yoast-schema-graph\">{\"@context\":\"https:\/\/schema.org\",\"@graph\":[{\"@type\":\"WebPage\",\"@id\":\"https:\/\/www.newcapbs.com\/es\/decoracion\/\",\"url\":\"https:\/\/www.newcapbs.com\/es\/decoracion\/\",\"name\":\"Decoraci\u00f3n - NewCap\",\"isPartOf\":{\"@id\":\"https:\/\/www.newcapbs.com\/#website\"},\"primaryImageOfPage\":{\"@id\":\"https:\/\/www.newcapbs.com\/es\/decoracion\/#primaryimage\"},\"image\":{\"@id\":\"https:\/\/www.newcapbs.com\/es\/decoracion\/#primaryimage\"},\"thumbnailUrl\":\"https:\/\/www.newcapbs.com\/wp-content\/uploads\/2020\/05\/decorating.jpg\",\"datePublished\":\"2020-06-19T11:48:05+00:00\",\"dateModified\":\"2020-06-29T09:12:12+00:00\",\"breadcrumb\":{\"@id\":\"https:\/\/www.newcapbs.com\/es\/decoracion\/#breadcrumb\"},\"inLanguage\":\"es\",\"potentialAction\":[{\"@type\":\"ReadAction\",\"target\":[\"https:\/\/www.newcapbs.com\/es\/decoracion\/\"]}]},{\"@type\":\"ImageObject\",\"inLanguage\":\"es\",\"@id\":\"https:\/\/www.newcapbs.com\/es\/decoracion\/#primaryimage\",\"url\":\"https:\/\/www.newcapbs.com\/wp-content\/uploads\/2020\/05\/decorating.jpg\",\"contentUrl\":\"https:\/\/www.newcapbs.com\/wp-content\/uploads\/2020\/05\/decorating.jpg\"},{\"@type\":\"BreadcrumbList\",\"@id\":\"https:\/\/www.newcapbs.com\/es\/decoracion\/#breadcrumb\",\"itemListElement\":[{\"@type\":\"ListItem\",\"position\":1,\"name\":\"Home\",\"item\":\"https:\/\/www.newcapbs.com\/es\/\"},{\"@type\":\"ListItem\",\"position\":2,\"name\":\"Decoraci\u00f3n\"}]},{\"@type\":\"WebSite\",\"@id\":\"https:\/\/www.newcapbs.com\/#website\",\"url\":\"https:\/\/www.newcapbs.com\/\",\"name\":\"NewCap\",\"description\":\"Newcap INDUSTRIAL HANDLING SOLUTIONS\",\"potentialAction\":[{\"@type\":\"SearchAction\",\"target\":{\"@type\":\"EntryPoint\",\"urlTemplate\":\"https:\/\/www.newcapbs.com\/?s={search_term_string}\"},\"query-input\":{\"@type\":\"PropertyValueSpecification\",\"valueRequired\":true,\"valueName\":\"search_term_string\"}}],\"inLanguage\":\"es\"}]}<\/script>\n<!-- \/ Yoast SEO Premium plugin. -->","yoast_head_json":{"title":"Decoraci\u00f3n - NewCap","robots":{"index":"index","follow":"follow","max-snippet":"max-snippet:-1","max-image-preview":"max-image-preview:large","max-video-preview":"max-video-preview:-1"},"canonical":"https:\/\/www.newcapbs.com\/es\/decoracion\/","og_locale":"es_ES","og_type":"article","og_title":"Decoraci\u00f3n","og_description":"Decoraci\u00f3n Decorar la masa aporta a sus productos de pan un valor adicional. El pan decorado es popular en todos los pa\u00edses donde se come pan. NewCap responde a la necesidad de decoraci\u00f3n del pan en l\u00edneas de producci\u00f3n de pan automatizadas y ofrece una...","og_url":"https:\/\/www.newcapbs.com\/es\/decoracion\/","og_site_name":"NewCap","article_modified_time":"2020-06-29T09:12:12+00:00","og_image":[{"url":"https:\/\/www.newcapbs.com\/wp-content\/uploads\/2020\/05\/decorating.jpg","type":"","width":"","height":""}],"twitter_card":"summary_large_image","twitter_misc":{"Tiempo de lectura":"1 minuto"},"schema":{"@context":"https:\/\/schema.org","@graph":[{"@type":"WebPage","@id":"https:\/\/www.newcapbs.com\/es\/decoracion\/","url":"https:\/\/www.newcapbs.com\/es\/decoracion\/","name":"Decoraci\u00f3n - NewCap","isPartOf":{"@id":"https:\/\/www.newcapbs.com\/#website"},"primaryImageOfPage":{"@id":"https:\/\/www.newcapbs.com\/es\/decoracion\/#primaryimage"},"image":{"@id":"https:\/\/www.newcapbs.com\/es\/decoracion\/#primaryimage"},"thumbnailUrl":"https:\/\/www.newcapbs.com\/wp-content\/uploads\/2020\/05\/decorating.jpg","datePublished":"2020-06-19T11:48:05+00:00","dateModified":"2020-06-29T09:12:12+00:00","breadcrumb":{"@id":"https:\/\/www.newcapbs.com\/es\/decoracion\/#breadcrumb"},"inLanguage":"es","potentialAction":[{"@type":"ReadAction","target":["https:\/\/www.newcapbs.com\/es\/decoracion\/"]}]},{"@type":"ImageObject","inLanguage":"es","@id":"https:\/\/www.newcapbs.com\/es\/decoracion\/#primaryimage","url":"https:\/\/www.newcapbs.com\/wp-content\/uploads\/2020\/05\/decorating.jpg","contentUrl":"https:\/\/www.newcapbs.com\/wp-content\/uploads\/2020\/05\/decorating.jpg"},{"@type":"BreadcrumbList","@id":"https:\/\/www.newcapbs.com\/es\/decoracion\/#breadcrumb","itemListElement":[{"@type":"ListItem","position":1,"name":"Home","item":"https:\/\/www.newcapbs.com\/es\/"},{"@type":"ListItem","position":2,"name":"Decoraci\u00f3n"}]},{"@type":"WebSite","@id":"https:\/\/www.newcapbs.com\/#website","url":"https:\/\/www.newcapbs.com\/","name":"NewCap","description":"Newcap INDUSTRIAL HANDLING SOLUTIONS","potentialAction":[{"@type":"SearchAction","target":{"@type":"EntryPoint","urlTemplate":"https:\/\/www.newcapbs.com\/?s={search_term_string}"},"query-input":{"@type":"PropertyValueSpecification","valueRequired":true,"valueName":"search_term_string"}}],"inLanguage":"es"}]}},"_links":{"self":[{"href":"https:\/\/www.newcapbs.com\/es\/wp-json\/wp\/v2\/pages\/3509","targetHints":{"allow":["GET"]}}],"collection":[{"href":"https:\/\/www.newcapbs.com\/es\/wp-json\/wp\/v2\/pages"}],"about":[{"href":"https:\/\/www.newcapbs.com\/es\/wp-json\/wp\/v2\/types\/page"}],"author":[{"embeddable":true,"href":"https:\/\/www.newcapbs.com\/es\/wp-json\/wp\/v2\/users\/7"}],"replies":[{"embeddable":true,"href":"https:\/\/www.newcapbs.com\/es\/wp-json\/wp\/v2\/comments?post=3509"}],"version-history":[{"count":0,"href":"https:\/\/www.newcapbs.com\/es\/wp-json\/wp\/v2\/pages\/3509\/revisions"}],"wp:attachment":[{"href":"https:\/\/www.newcapbs.com\/es\/wp-json\/wp\/v2\/media?parent=3509"}],"curies":[{"name":"wp","href":"https:\/\/api.w.org\/{rel}","templated":true}]}}