{"id":3494,"date":"2020-06-19T11:46:59","date_gmt":"2020-06-19T11:46:59","guid":{"rendered":"https:\/\/www.newcapbs.com\/?page_id=3494"},"modified":"2023-11-23T10:49:01","modified_gmt":"2023-11-23T08:49:01","slug":"ofertas-de-empleo","status":"publish","type":"page","link":"https:\/\/www.newcapbs.com\/es\/ofertas-de-empleo\/","title":{"rendered":"Ofertas de empleo"},"content":{"rendered":"\t\t<div data-elementor-type=\"wp-page\" data-elementor-id=\"3494\" class=\"elementor elementor-3494 elementor-593\" data-elementor-post-type=\"page\">\n\t\t\t\t\t\t<section class=\"elementor-section elementor-top-section elementor-element elementor-element-fbac9b2 elementor-section-boxed elementor-section-height-default elementor-section-height-default\" data-id=\"fbac9b2\" data-element_type=\"section\" data-e-type=\"section\">\n\t\t\t\t\t\t<div class=\"elementor-container elementor-column-gap-default\">\n\t\t\t\t\t<div class=\"elementor-column elementor-col-100 elementor-top-column elementor-element elementor-element-38950e1\" data-id=\"38950e1\" data-element_type=\"column\" data-e-type=\"column\">\n\t\t\t<div class=\"elementor-widget-wrap elementor-element-populated\">\n\t\t\t\t\t\t<div class=\"elementor-element elementor-element-33f4a53 din elementor-widget elementor-widget-heading\" data-id=\"33f4a53\" data-element_type=\"widget\" data-e-type=\"widget\" data-widget_type=\"heading.default\">\n\t\t\t\t<div class=\"elementor-widget-container\">\n\t\t\t\t\t<h2 class=\"elementor-heading-title elementor-size-default\">\u00bfDesea convertirse en miembro de la familia?<\/h2>\t\t\t\t<\/div>\n\t\t\t\t<\/div>\n\t\t\t\t\t<\/div>\n\t\t<\/div>\n\t\t\t\t\t<\/div>\n\t\t<\/section>\n\t\t\t\t<section class=\"elementor-section elementor-top-section elementor-element elementor-element-7b39ebd elementor-section-boxed elementor-section-height-default elementor-section-height-default\" data-id=\"7b39ebd\" data-element_type=\"section\" data-e-type=\"section\">\n\t\t\t\t\t\t<div class=\"elementor-container elementor-column-gap-default\">\n\t\t\t\t\t<div class=\"elementor-column elementor-col-66 elementor-top-column elementor-element elementor-element-845d5cc\" data-id=\"845d5cc\" data-element_type=\"column\" data-e-type=\"column\">\n\t\t\t<div class=\"elementor-widget-wrap elementor-element-populated\">\n\t\t\t\t\t\t<div class=\"elementor-element elementor-element-4015e39 elementor-widget elementor-widget-image\" data-id=\"4015e39\" data-element_type=\"widget\" data-e-type=\"widget\" data-widget_type=\"image.default\">\n\t\t\t\t<div class=\"elementor-widget-container\">\n\t\t\t\t\t\t\t\t\t\t\t\t\t\t\t<img fetchpriority=\"high\" decoding=\"async\" width=\"1400\" height=\"827\" src=\"https:\/\/www.newcapbs.com\/wp-content\/uploads\/2023\/11\/Do-you-want-to-become-a-family-member.jpg\" class=\"attachment-full size-full wp-image-3902\" alt=\"\" srcset=\"https:\/\/www.newcapbs.com\/wp-content\/uploads\/2023\/11\/Do-you-want-to-become-a-family-member.jpg 1400w, https:\/\/www.newcapbs.com\/wp-content\/uploads\/2023\/11\/Do-you-want-to-become-a-family-member-300x177.jpg 300w, https:\/\/www.newcapbs.com\/wp-content\/uploads\/2023\/11\/Do-you-want-to-become-a-family-member-1024x605.jpg 1024w, https:\/\/www.newcapbs.com\/wp-content\/uploads\/2023\/11\/Do-you-want-to-become-a-family-member-768x454.jpg 768w, https:\/\/www.newcapbs.com\/wp-content\/uploads\/2023\/11\/Do-you-want-to-become-a-family-member-700x414.jpg 700w\" sizes=\"(max-width: 1400px) 100vw, 1400px\" \/>\t\t\t\t\t\t\t\t\t\t\t\t\t\t\t<\/div>\n\t\t\t\t<\/div>\n\t\t\t\t\t<\/div>\n\t\t<\/div>\n\t\t\t\t<div class=\"elementor-column elementor-col-33 elementor-top-column elementor-element elementor-element-7ca0890\" data-id=\"7ca0890\" data-element_type=\"column\" data-e-type=\"column\">\n\t\t\t<div class=\"elementor-widget-wrap\">\n\t\t\t\t\t\t\t<\/div>\n\t\t<\/div>\n\t\t\t\t\t<\/div>\n\t\t<\/section>\n\t\t\t\t<section class=\"elementor-section elementor-top-section elementor-element elementor-element-beac3cd elementor-section-boxed elementor-section-height-default elementor-section-height-default\" data-id=\"beac3cd\" data-element_type=\"section\" data-e-type=\"section\">\n\t\t\t\t\t\t<div class=\"elementor-container elementor-column-gap-default\">\n\t\t\t\t\t<div class=\"elementor-column elementor-col-66 elementor-top-column elementor-element elementor-element-83a3143\" data-id=\"83a3143\" data-element_type=\"column\" data-e-type=\"column\">\n\t\t\t<div class=\"elementor-widget-wrap elementor-element-populated\">\n\t\t\t\t\t\t<div class=\"elementor-element elementor-element-d0c0c2d elementor-widget elementor-widget-text-editor\" data-id=\"d0c0c2d\" data-element_type=\"widget\" data-e-type=\"widget\" data-widget_type=\"text-editor.default\">\n\t\t\t\t<div class=\"elementor-widget-container\">\n\t\t\t\t\t\t\t\t\t<p>Sencillamente\u00a0<em>haga clic <a href=\"https:\/\/www.verhoevenfamily.com\/es\/vacatures\/\" target=\"_blank\" rel=\"noopener\"><u>aqu\u00ed<\/u><\/a><\/em><em> para<\/em>\u00a0consultar todas\u00a0<em>nuestras vacantes actuales<\/em><em>.<\/em><\/p><p>\u00a0<\/p><p><em>Aunque actualmente no tengamos ninguna vacante que se ajuste a sus capacidades e intereses, estaremos encantados de saber de usted. Verhoeven siempre muestra inter\u00e9s por aquellos candidatos con talento y motivados que comparten nuestros valores y creen que tienen algo que ofrecerle a nuestra empresa. Despu\u00e9s de todo, invertir en talento es invertir en calidad. Por ello, aunque no figure aqu\u00ed el trabajo de sus sue\u00f1os, le recomendamos encarecidamente que nos env\u00ede una candidatura espont\u00e1nea, adjuntando su CV, a <\/em><a href=\"mailto:info@verhoevenfamily.com\">info@verhoevenfamily.com<\/a> para que sepamos d\u00f3nde encontrarle cuando surja la oportunidad.<\/p>\t\t\t\t\t\t\t\t<\/div>\n\t\t\t\t<\/div>\n\t\t\t\t\t<\/div>\n\t\t<\/div>\n\t\t\t\t<div class=\"elementor-column elementor-col-33 elementor-top-column elementor-element elementor-element-b1782d1\" data-id=\"b1782d1\" data-element_type=\"column\" data-e-type=\"column\">\n\t\t\t<div class=\"elementor-widget-wrap\">\n\t\t\t\t\t\t\t<\/div>\n\t\t<\/div>\n\t\t\t\t\t<\/div>\n\t\t<\/section>\n\t\t\t\t<section class=\"elementor-section elementor-top-section elementor-element elementor-element-e5b2082 elementor-section-boxed elementor-section-height-default elementor-section-height-default\" data-id=\"e5b2082\" data-element_type=\"section\" data-e-type=\"section\">\n\t\t\t\t\t\t<div class=\"elementor-container elementor-column-gap-default\">\n\t\t\t\t\t<div class=\"elementor-column elementor-col-100 elementor-top-column elementor-element elementor-element-42dc2d8\" data-id=\"42dc2d8\" data-element_type=\"column\" data-e-type=\"column\">\n\t\t\t<div class=\"elementor-widget-wrap elementor-element-populated\">\n\t\t\t\t\t\t<div class=\"elementor-element elementor-element-fda512b elementor-widget elementor-widget-spacer\" data-id=\"fda512b\" data-element_type=\"widget\" data-e-type=\"widget\" data-widget_type=\"spacer.default\">\n\t\t\t\t<div class=\"elementor-widget-container\">\n\t\t\t\t\t\t\t<div class=\"elementor-spacer\">\n\t\t\t<div class=\"elementor-spacer-inner\"><\/div>\n\t\t<\/div>\n\t\t\t\t\t\t<\/div>\n\t\t\t\t<\/div>\n\t\t\t\t\t<\/div>\n\t\t<\/div>\n\t\t\t\t\t<\/div>\n\t\t<\/section>\n\t\t\t\t<\/div>\n\t\t","protected":false},"excerpt":{"rendered":"<p>\u00bfDesea convertirse en miembro de la familia? Sencillamente\u00a0haga clic aqu\u00ed para\u00a0consultar todas\u00a0nuestras vacantes actuales. \u00a0 Aunque actualmente no tengamos ninguna vacante que se ajuste a sus capacidades e intereses, estaremos encantados de saber de usted. Verhoeven siempre muestra inter\u00e9s por aquellos candidatos con talento y&#8230;<\/p>\n","protected":false},"author":7,"featured_media":0,"parent":0,"menu_order":0,"comment_status":"closed","ping_status":"closed","template":"","meta":{"footnotes":""},"class_list":["post-3494","page","type-page","status-publish","hentry"],"yoast_head":"<!-- This site is optimized with the Yoast SEO Premium plugin v27.2 (Yoast SEO v27.2) - https:\/\/yoast.com\/product\/yoast-seo-premium-wordpress\/ -->\n<title>Ofertas de empleo - NewCap<\/title>\n<meta name=\"robots\" content=\"index, follow, max-snippet:-1, max-image-preview:large, max-video-preview:-1\" \/>\n<link rel=\"canonical\" href=\"https:\/\/www.newcapbs.com\/career\/\" \/>\n<meta property=\"og:locale\" content=\"es_ES\" \/>\n<meta property=\"og:type\" content=\"article\" \/>\n<meta property=\"og:title\" content=\"Ofertas de empleo\" \/>\n<meta property=\"og:description\" content=\"\u00bfDesea convertirse en miembro de la familia? Sencillamente\u00a0haga clic aqu\u00ed para\u00a0consultar todas\u00a0nuestras vacantes actuales. \u00a0 Aunque actualmente no tengamos ninguna vacante que se ajuste a sus capacidades e intereses, estaremos encantados de saber de usted. Verhoeven siempre muestra inter\u00e9s por aquellos candidatos con talento y...\" \/>\n<meta property=\"og:url\" content=\"https:\/\/www.newcapbs.com\/career\/\" \/>\n<meta property=\"og:site_name\" content=\"NewCap\" \/>\n<meta property=\"article:modified_time\" content=\"2023-11-23T08:49:01+00:00\" \/>\n<meta property=\"og:image\" content=\"https:\/\/www.newcapbs.com\/wp-content\/uploads\/2023\/11\/Do-you-want-to-become-a-family-member.jpg\" \/>\n<meta name=\"twitter:card\" content=\"summary_large_image\" \/>\n<meta name=\"twitter:label1\" content=\"Tiempo de lectura\" \/>\n\t<meta name=\"twitter:data1\" content=\"1 minuto\" \/>\n<script type=\"application\/ld+json\" class=\"yoast-schema-graph\">{\"@context\":\"https:\/\/schema.org\",\"@graph\":[{\"@type\":\"WebPage\",\"@id\":\"https:\/\/www.newcapbs.com\/career\/\",\"url\":\"https:\/\/www.newcapbs.com\/career\/\",\"name\":\"Ofertas de empleo - NewCap\",\"isPartOf\":{\"@id\":\"https:\/\/www.newcapbs.com\/#website\"},\"primaryImageOfPage\":{\"@id\":\"https:\/\/www.newcapbs.com\/career\/#primaryimage\"},\"image\":{\"@id\":\"https:\/\/www.newcapbs.com\/career\/#primaryimage\"},\"thumbnailUrl\":\"https:\/\/www.newcapbs.com\/wp-content\/uploads\/2023\/11\/Do-you-want-to-become-a-family-member.jpg\",\"datePublished\":\"2020-06-19T11:46:59+00:00\",\"dateModified\":\"2023-11-23T08:49:01+00:00\",\"breadcrumb\":{\"@id\":\"https:\/\/www.newcapbs.com\/career\/#breadcrumb\"},\"inLanguage\":\"es\",\"potentialAction\":[{\"@type\":\"ReadAction\",\"target\":[\"https:\/\/www.newcapbs.com\/career\/\"]}]},{\"@type\":\"ImageObject\",\"inLanguage\":\"es\",\"@id\":\"https:\/\/www.newcapbs.com\/career\/#primaryimage\",\"url\":\"https:\/\/www.newcapbs.com\/wp-content\/uploads\/2023\/11\/Do-you-want-to-become-a-family-member.jpg\",\"contentUrl\":\"https:\/\/www.newcapbs.com\/wp-content\/uploads\/2023\/11\/Do-you-want-to-become-a-family-member.jpg\"},{\"@type\":\"BreadcrumbList\",\"@id\":\"https:\/\/www.newcapbs.com\/career\/#breadcrumb\",\"itemListElement\":[{\"@type\":\"ListItem\",\"position\":1,\"name\":\"Home\",\"item\":\"https:\/\/www.newcapbs.com\/es\/\"},{\"@type\":\"ListItem\",\"position\":2,\"name\":\"Ofertas de empleo\"}]},{\"@type\":\"WebSite\",\"@id\":\"https:\/\/www.newcapbs.com\/#website\",\"url\":\"https:\/\/www.newcapbs.com\/\",\"name\":\"NewCap\",\"description\":\"Newcap INDUSTRIAL HANDLING SOLUTIONS\",\"potentialAction\":[{\"@type\":\"SearchAction\",\"target\":{\"@type\":\"EntryPoint\",\"urlTemplate\":\"https:\/\/www.newcapbs.com\/?s={search_term_string}\"},\"query-input\":{\"@type\":\"PropertyValueSpecification\",\"valueRequired\":true,\"valueName\":\"search_term_string\"}}],\"inLanguage\":\"es\"}]}<\/script>\n<!-- \/ Yoast SEO Premium plugin. -->","yoast_head_json":{"title":"Ofertas de empleo - NewCap","robots":{"index":"index","follow":"follow","max-snippet":"max-snippet:-1","max-image-preview":"max-image-preview:large","max-video-preview":"max-video-preview:-1"},"canonical":"https:\/\/www.newcapbs.com\/career\/","og_locale":"es_ES","og_type":"article","og_title":"Ofertas de empleo","og_description":"\u00bfDesea convertirse en miembro de la familia? Sencillamente\u00a0haga clic aqu\u00ed para\u00a0consultar todas\u00a0nuestras vacantes actuales. \u00a0 Aunque actualmente no tengamos ninguna vacante que se ajuste a sus capacidades e intereses, estaremos encantados de saber de usted. Verhoeven siempre muestra inter\u00e9s por aquellos candidatos con talento y...","og_url":"https:\/\/www.newcapbs.com\/career\/","og_site_name":"NewCap","article_modified_time":"2023-11-23T08:49:01+00:00","og_image":[{"url":"https:\/\/www.newcapbs.com\/wp-content\/uploads\/2023\/11\/Do-you-want-to-become-a-family-member.jpg","type":"","width":"","height":""}],"twitter_card":"summary_large_image","twitter_misc":{"Tiempo de lectura":"1 minuto"},"schema":{"@context":"https:\/\/schema.org","@graph":[{"@type":"WebPage","@id":"https:\/\/www.newcapbs.com\/career\/","url":"https:\/\/www.newcapbs.com\/career\/","name":"Ofertas de empleo - NewCap","isPartOf":{"@id":"https:\/\/www.newcapbs.com\/#website"},"primaryImageOfPage":{"@id":"https:\/\/www.newcapbs.com\/career\/#primaryimage"},"image":{"@id":"https:\/\/www.newcapbs.com\/career\/#primaryimage"},"thumbnailUrl":"https:\/\/www.newcapbs.com\/wp-content\/uploads\/2023\/11\/Do-you-want-to-become-a-family-member.jpg","datePublished":"2020-06-19T11:46:59+00:00","dateModified":"2023-11-23T08:49:01+00:00","breadcrumb":{"@id":"https:\/\/www.newcapbs.com\/career\/#breadcrumb"},"inLanguage":"es","potentialAction":[{"@type":"ReadAction","target":["https:\/\/www.newcapbs.com\/career\/"]}]},{"@type":"ImageObject","inLanguage":"es","@id":"https:\/\/www.newcapbs.com\/career\/#primaryimage","url":"https:\/\/www.newcapbs.com\/wp-content\/uploads\/2023\/11\/Do-you-want-to-become-a-family-member.jpg","contentUrl":"https:\/\/www.newcapbs.com\/wp-content\/uploads\/2023\/11\/Do-you-want-to-become-a-family-member.jpg"},{"@type":"BreadcrumbList","@id":"https:\/\/www.newcapbs.com\/career\/#breadcrumb","itemListElement":[{"@type":"ListItem","position":1,"name":"Home","item":"https:\/\/www.newcapbs.com\/es\/"},{"@type":"ListItem","position":2,"name":"Ofertas de empleo"}]},{"@type":"WebSite","@id":"https:\/\/www.newcapbs.com\/#website","url":"https:\/\/www.newcapbs.com\/","name":"NewCap","description":"Newcap INDUSTRIAL HANDLING SOLUTIONS","potentialAction":[{"@type":"SearchAction","target":{"@type":"EntryPoint","urlTemplate":"https:\/\/www.newcapbs.com\/?s={search_term_string}"},"query-input":{"@type":"PropertyValueSpecification","valueRequired":true,"valueName":"search_term_string"}}],"inLanguage":"es"}]}},"_links":{"self":[{"href":"https:\/\/www.newcapbs.com\/es\/wp-json\/wp\/v2\/pages\/3494","targetHints":{"allow":["GET"]}}],"collection":[{"href":"https:\/\/www.newcapbs.com\/es\/wp-json\/wp\/v2\/pages"}],"about":[{"href":"https:\/\/www.newcapbs.com\/es\/wp-json\/wp\/v2\/types\/page"}],"author":[{"embeddable":true,"href":"https:\/\/www.newcapbs.com\/es\/wp-json\/wp\/v2\/users\/7"}],"replies":[{"embeddable":true,"href":"https:\/\/www.newcapbs.com\/es\/wp-json\/wp\/v2\/comments?post=3494"}],"version-history":[{"count":0,"href":"https:\/\/www.newcapbs.com\/es\/wp-json\/wp\/v2\/pages\/3494\/revisions"}],"wp:attachment":[{"href":"https:\/\/www.newcapbs.com\/es\/wp-json\/wp\/v2\/media?parent=3494"}],"curies":[{"name":"wp","href":"https:\/\/api.w.org\/{rel}","templated":true}]}}