{"id":3467,"date":"2020-06-19T11:43:21","date_gmt":"2020-06-19T11:43:21","guid":{"rendered":"https:\/\/www.newcapbs.com\/?page_id=3467"},"modified":"2020-07-06T08:06:57","modified_gmt":"2020-07-06T08:06:57","slug":"servicio-y-repuestos","status":"publish","type":"page","link":"https:\/\/www.newcapbs.com\/es\/servicio-y-repuestos\/","title":{"rendered":"Servicio y repuestos"},"content":{"rendered":"\t\t<div data-elementor-type=\"wp-page\" data-elementor-id=\"3467\" class=\"elementor elementor-3467 elementor-477\" data-elementor-post-type=\"page\">\n\t\t\t\t\t\t<section class=\"elementor-section elementor-top-section elementor-element elementor-element-6206fcf elementor-section-boxed elementor-section-height-default elementor-section-height-default\" data-id=\"6206fcf\" data-element_type=\"section\" data-e-type=\"section\">\n\t\t\t\t\t\t<div class=\"elementor-container elementor-column-gap-default\">\n\t\t\t\t\t<div class=\"elementor-column elementor-col-50 elementor-top-column elementor-element elementor-element-5e71f16\" data-id=\"5e71f16\" data-element_type=\"column\" data-e-type=\"column\">\n\t\t\t<div class=\"elementor-widget-wrap elementor-element-populated\">\n\t\t\t\t\t\t<div class=\"elementor-element elementor-element-33f4a53 din elementor-widget elementor-widget-heading\" data-id=\"33f4a53\" data-element_type=\"widget\" data-e-type=\"widget\" data-widget_type=\"heading.default\">\n\t\t\t\t<div class=\"elementor-widget-container\">\n\t\t\t\t\t<h2 class=\"elementor-heading-title elementor-size-default\">Reparaciones y repuestos<\/h2>\t\t\t\t<\/div>\n\t\t\t\t<\/div>\n\t\t\t\t<div class=\"elementor-element elementor-element-4680b4c elementor-widget elementor-widget-text-editor\" data-id=\"4680b4c\" data-element_type=\"widget\" data-e-type=\"widget\" data-widget_type=\"text-editor.default\">\n\t\t\t\t<div class=\"elementor-widget-container\">\n\t\t\t\t\t\t\t\t\t<p>Su maquinaria debe funcionar ininterrumpidamente en todo momento. Sabemos como nadie que las interrupciones o los periodos de inactividad deben reducirse al m\u00ednimo.<\/p><p>Cada d\u00eda, nuestro equipo de t\u00e9cnicos de reparaciones experimentados y motivados efect\u00faa inspecciones, tareas de mantenimiento y reparaciones de l\u00edneas de producci\u00f3n en todo el mundo. Podemos prestarle servicio a pr\u00e1cticamente cualquier instalaci\u00f3n y ofrecerle tanto asesoramiento como soluciones personalizadas acordes a su presupuesto.<\/p><p>The Verhoeven Family of Companies comparte un departamento de asistencia disponible las 24 horas al d\u00eda, siete d\u00edas a la semana, por lo que si su equipo necesita atenci\u00f3n inmediata, le ofreceremos una soluci\u00f3n.<br \/><br \/>Nuestro departamento de repuestos puede proporcionarle cualquier parte que necesite para sus m\u00e1quinas, instalaci\u00f3n o l\u00ednea de producci\u00f3n. Todos nuestros productos son de la mejor calidad para garantizar as\u00ed la m\u00e1xima vida \u00fatil de sus equipos.<\/p><p>Estaremos encantados de recomendarle partes esenciales o de concertar una visita a sus instalaciones si lo desea. Si tiene alguna pregunta, p\u00f3ngase en contacto con nosotros en la direcci\u00f3n <a href=\"mailto:service@verhoevenfamily.com\"><strong>service@verhoevenfamily.com<\/strong><\/a><\/p>\t\t\t\t\t\t\t\t<\/div>\n\t\t\t\t<\/div>\n\t\t\t\t\t<\/div>\n\t\t<\/div>\n\t\t\t\t<div class=\"elementor-column elementor-col-50 elementor-top-column elementor-element elementor-element-e346ddb\" data-id=\"e346ddb\" data-element_type=\"column\" data-e-type=\"column\">\n\t\t\t<div class=\"elementor-widget-wrap\">\n\t\t\t\t\t\t\t<\/div>\n\t\t<\/div>\n\t\t\t\t\t<\/div>\n\t\t<\/section>\n\t\t\t\t<section class=\"elementor-section elementor-top-section elementor-element elementor-element-93153e5 elementor-section-boxed elementor-section-height-default elementor-section-height-default\" data-id=\"93153e5\" data-element_type=\"section\" data-e-type=\"section\">\n\t\t\t\t\t\t<div class=\"elementor-container elementor-column-gap-default\">\n\t\t\t\t\t<div class=\"elementor-column elementor-col-100 elementor-top-column elementor-element elementor-element-ec1fac8\" data-id=\"ec1fac8\" data-element_type=\"column\" data-e-type=\"column\">\n\t\t\t<div class=\"elementor-widget-wrap elementor-element-populated\">\n\t\t\t\t\t\t\t<\/div>\n\t\t<\/div>\n\t\t\t\t\t<\/div>\n\t\t<\/section>\n\t\t\t\t<section class=\"elementor-section elementor-top-section elementor-element elementor-element-40abffe elementor-section-boxed elementor-section-height-default elementor-section-height-default\" data-id=\"40abffe\" data-element_type=\"section\" data-e-type=\"section\">\n\t\t\t\t\t\t<div class=\"elementor-container elementor-column-gap-default\">\n\t\t\t\t\t<div class=\"elementor-column elementor-col-100 elementor-top-column elementor-element elementor-element-d60114a\" data-id=\"d60114a\" data-element_type=\"column\" data-e-type=\"column\">\n\t\t\t<div class=\"elementor-widget-wrap elementor-element-populated\">\n\t\t\t\t\t\t<div class=\"elementor-element elementor-element-5540f98 elementor-widget elementor-widget-spacer\" data-id=\"5540f98\" data-element_type=\"widget\" data-e-type=\"widget\" data-widget_type=\"spacer.default\">\n\t\t\t\t<div class=\"elementor-widget-container\">\n\t\t\t\t\t\t\t<div class=\"elementor-spacer\">\n\t\t\t<div class=\"elementor-spacer-inner\"><\/div>\n\t\t<\/div>\n\t\t\t\t\t\t<\/div>\n\t\t\t\t<\/div>\n\t\t\t\t\t<\/div>\n\t\t<\/div>\n\t\t\t\t\t<\/div>\n\t\t<\/section>\n\t\t\t\t<\/div>\n\t\t","protected":false},"excerpt":{"rendered":"<p>Reparaciones y repuestos Su maquinaria debe funcionar ininterrumpidamente en todo momento. Sabemos como nadie que las interrupciones o los periodos de inactividad deben reducirse al m\u00ednimo. Cada d\u00eda, nuestro equipo de t\u00e9cnicos de reparaciones experimentados y motivados efect\u00faa inspecciones, tareas de mantenimiento y reparaciones de&#8230;<\/p>\n","protected":false},"author":7,"featured_media":0,"parent":0,"menu_order":0,"comment_status":"closed","ping_status":"closed","template":"","meta":{"footnotes":""},"class_list":["post-3467","page","type-page","status-publish","hentry"],"yoast_head":"<!-- This site is optimized with the Yoast SEO Premium plugin v27.2 (Yoast SEO v27.2) - https:\/\/yoast.com\/product\/yoast-seo-premium-wordpress\/ -->\n<title>Servicio y repuestos - NewCap<\/title>\n<meta name=\"robots\" content=\"index, follow, max-snippet:-1, max-image-preview:large, max-video-preview:-1\" \/>\n<link rel=\"canonical\" href=\"https:\/\/www.newcapbs.com\/es\/servicio-y-repuestos\/\" \/>\n<meta property=\"og:locale\" content=\"es_ES\" \/>\n<meta property=\"og:type\" content=\"article\" \/>\n<meta property=\"og:title\" content=\"Servicio y repuestos\" \/>\n<meta property=\"og:description\" content=\"Reparaciones y repuestos Su maquinaria debe funcionar ininterrumpidamente en todo momento. Sabemos como nadie que las interrupciones o los periodos de inactividad deben reducirse al m\u00ednimo. Cada d\u00eda, nuestro equipo de t\u00e9cnicos de reparaciones experimentados y motivados efect\u00faa inspecciones, tareas de mantenimiento y reparaciones de...\" \/>\n<meta property=\"og:url\" content=\"https:\/\/www.newcapbs.com\/es\/servicio-y-repuestos\/\" \/>\n<meta property=\"og:site_name\" content=\"NewCap\" \/>\n<meta property=\"article:modified_time\" content=\"2020-07-06T08:06:57+00:00\" \/>\n<meta name=\"twitter:card\" content=\"summary_large_image\" \/>\n<meta name=\"twitter:label1\" content=\"Tiempo de lectura\" \/>\n\t<meta name=\"twitter:data1\" content=\"1 minuto\" \/>\n<script type=\"application\/ld+json\" class=\"yoast-schema-graph\">{\"@context\":\"https:\/\/schema.org\",\"@graph\":[{\"@type\":\"WebPage\",\"@id\":\"https:\/\/www.newcapbs.com\/es\/servicio-y-repuestos\/\",\"url\":\"https:\/\/www.newcapbs.com\/es\/servicio-y-repuestos\/\",\"name\":\"Servicio y repuestos - NewCap\",\"isPartOf\":{\"@id\":\"https:\/\/www.newcapbs.com\/#website\"},\"datePublished\":\"2020-06-19T11:43:21+00:00\",\"dateModified\":\"2020-07-06T08:06:57+00:00\",\"breadcrumb\":{\"@id\":\"https:\/\/www.newcapbs.com\/es\/servicio-y-repuestos\/#breadcrumb\"},\"inLanguage\":\"es\",\"potentialAction\":[{\"@type\":\"ReadAction\",\"target\":[\"https:\/\/www.newcapbs.com\/es\/servicio-y-repuestos\/\"]}]},{\"@type\":\"BreadcrumbList\",\"@id\":\"https:\/\/www.newcapbs.com\/es\/servicio-y-repuestos\/#breadcrumb\",\"itemListElement\":[{\"@type\":\"ListItem\",\"position\":1,\"name\":\"Home\",\"item\":\"https:\/\/www.newcapbs.com\/es\/\"},{\"@type\":\"ListItem\",\"position\":2,\"name\":\"Servicio y repuestos\"}]},{\"@type\":\"WebSite\",\"@id\":\"https:\/\/www.newcapbs.com\/#website\",\"url\":\"https:\/\/www.newcapbs.com\/\",\"name\":\"NewCap\",\"description\":\"Newcap INDUSTRIAL HANDLING SOLUTIONS\",\"potentialAction\":[{\"@type\":\"SearchAction\",\"target\":{\"@type\":\"EntryPoint\",\"urlTemplate\":\"https:\/\/www.newcapbs.com\/?s={search_term_string}\"},\"query-input\":{\"@type\":\"PropertyValueSpecification\",\"valueRequired\":true,\"valueName\":\"search_term_string\"}}],\"inLanguage\":\"es\"}]}<\/script>\n<!-- \/ Yoast SEO Premium plugin. -->","yoast_head_json":{"title":"Servicio y repuestos - NewCap","robots":{"index":"index","follow":"follow","max-snippet":"max-snippet:-1","max-image-preview":"max-image-preview:large","max-video-preview":"max-video-preview:-1"},"canonical":"https:\/\/www.newcapbs.com\/es\/servicio-y-repuestos\/","og_locale":"es_ES","og_type":"article","og_title":"Servicio y repuestos","og_description":"Reparaciones y repuestos Su maquinaria debe funcionar ininterrumpidamente en todo momento. Sabemos como nadie que las interrupciones o los periodos de inactividad deben reducirse al m\u00ednimo. Cada d\u00eda, nuestro equipo de t\u00e9cnicos de reparaciones experimentados y motivados efect\u00faa inspecciones, tareas de mantenimiento y reparaciones de...","og_url":"https:\/\/www.newcapbs.com\/es\/servicio-y-repuestos\/","og_site_name":"NewCap","article_modified_time":"2020-07-06T08:06:57+00:00","twitter_card":"summary_large_image","twitter_misc":{"Tiempo de lectura":"1 minuto"},"schema":{"@context":"https:\/\/schema.org","@graph":[{"@type":"WebPage","@id":"https:\/\/www.newcapbs.com\/es\/servicio-y-repuestos\/","url":"https:\/\/www.newcapbs.com\/es\/servicio-y-repuestos\/","name":"Servicio y repuestos - NewCap","isPartOf":{"@id":"https:\/\/www.newcapbs.com\/#website"},"datePublished":"2020-06-19T11:43:21+00:00","dateModified":"2020-07-06T08:06:57+00:00","breadcrumb":{"@id":"https:\/\/www.newcapbs.com\/es\/servicio-y-repuestos\/#breadcrumb"},"inLanguage":"es","potentialAction":[{"@type":"ReadAction","target":["https:\/\/www.newcapbs.com\/es\/servicio-y-repuestos\/"]}]},{"@type":"BreadcrumbList","@id":"https:\/\/www.newcapbs.com\/es\/servicio-y-repuestos\/#breadcrumb","itemListElement":[{"@type":"ListItem","position":1,"name":"Home","item":"https:\/\/www.newcapbs.com\/es\/"},{"@type":"ListItem","position":2,"name":"Servicio y repuestos"}]},{"@type":"WebSite","@id":"https:\/\/www.newcapbs.com\/#website","url":"https:\/\/www.newcapbs.com\/","name":"NewCap","description":"Newcap INDUSTRIAL HANDLING SOLUTIONS","potentialAction":[{"@type":"SearchAction","target":{"@type":"EntryPoint","urlTemplate":"https:\/\/www.newcapbs.com\/?s={search_term_string}"},"query-input":{"@type":"PropertyValueSpecification","valueRequired":true,"valueName":"search_term_string"}}],"inLanguage":"es"}]}},"_links":{"self":[{"href":"https:\/\/www.newcapbs.com\/es\/wp-json\/wp\/v2\/pages\/3467","targetHints":{"allow":["GET"]}}],"collection":[{"href":"https:\/\/www.newcapbs.com\/es\/wp-json\/wp\/v2\/pages"}],"about":[{"href":"https:\/\/www.newcapbs.com\/es\/wp-json\/wp\/v2\/types\/page"}],"author":[{"embeddable":true,"href":"https:\/\/www.newcapbs.com\/es\/wp-json\/wp\/v2\/users\/7"}],"replies":[{"embeddable":true,"href":"https:\/\/www.newcapbs.com\/es\/wp-json\/wp\/v2\/comments?post=3467"}],"version-history":[{"count":0,"href":"https:\/\/www.newcapbs.com\/es\/wp-json\/wp\/v2\/pages\/3467\/revisions"}],"wp:attachment":[{"href":"https:\/\/www.newcapbs.com\/es\/wp-json\/wp\/v2\/media?parent=3467"}],"curies":[{"name":"wp","href":"https:\/\/api.w.org\/{rel}","templated":true}]}}