{"id":3433,"date":"2020-06-19T11:38:04","date_gmt":"2020-06-19T11:38:04","guid":{"rendered":"https:\/\/www.newcapbs.com\/?page_id=3433"},"modified":"2020-07-17T14:44:04","modified_gmt":"2020-07-17T14:44:04","slug":"nuestra-familia","status":"publish","type":"page","link":"https:\/\/www.newcapbs.com\/es\/nuestra-familia\/","title":{"rendered":"Nuestra Familia"},"content":{"rendered":"\t\t<div data-elementor-type=\"wp-page\" data-elementor-id=\"3433\" class=\"elementor elementor-3433 elementor-1162\" data-elementor-post-type=\"page\">\n\t\t\t\t\t\t<section class=\"elementor-section elementor-top-section elementor-element elementor-element-fbac9b2 elementor-section-boxed elementor-section-height-default elementor-section-height-default\" data-id=\"fbac9b2\" data-element_type=\"section\" data-e-type=\"section\">\n\t\t\t\t\t\t<div class=\"elementor-container elementor-column-gap-default\">\n\t\t\t\t\t<div class=\"elementor-column elementor-col-100 elementor-top-column elementor-element elementor-element-38950e1\" data-id=\"38950e1\" data-element_type=\"column\" data-e-type=\"column\">\n\t\t\t<div class=\"elementor-widget-wrap elementor-element-populated\">\n\t\t\t\t\t\t<div class=\"elementor-element elementor-element-33f4a53 din elementor-widget elementor-widget-heading\" data-id=\"33f4a53\" data-element_type=\"widget\" data-e-type=\"widget\" data-widget_type=\"heading.default\">\n\t\t\t\t<div class=\"elementor-widget-container\">\n\t\t\t\t\t<h2 class=\"elementor-heading-title elementor-size-default\">Nuestra Family<\/h2>\t\t\t\t<\/div>\n\t\t\t\t<\/div>\n\t\t\t\t\t<\/div>\n\t\t<\/div>\n\t\t\t\t\t<\/div>\n\t\t<\/section>\n\t\t\t\t<section class=\"elementor-section elementor-top-section elementor-element elementor-element-8a5a9c6 elementor-section-boxed elementor-section-height-default elementor-section-height-default\" data-id=\"8a5a9c6\" data-element_type=\"section\" data-e-type=\"section\">\n\t\t\t\t\t\t<div class=\"elementor-container elementor-column-gap-default\">\n\t\t\t\t\t<div class=\"elementor-column elementor-col-50 elementor-top-column elementor-element elementor-element-5333db2\" data-id=\"5333db2\" data-element_type=\"column\" data-e-type=\"column\">\n\t\t\t<div class=\"elementor-widget-wrap elementor-element-populated\">\n\t\t\t\t\t\t<div class=\"elementor-element elementor-element-3924e68 elementor-widget elementor-widget-text-editor\" data-id=\"3924e68\" data-element_type=\"widget\" data-e-type=\"widget\" data-widget_type=\"text-editor.default\">\n\t\t\t\t<div class=\"elementor-widget-container\">\n\t\t\t\t\t\t\t\t\t<p><a href=\"https:\/\/www.verhoevenfamily.com\/\" target=\"_blank\" rel=\"noopener\">Verhoeven Family of Companies<\/a> desarrolla, produce y suministra sistemas de transporte interno, almacenamiento y manipulaci\u00f3n de materiales, as\u00ed como equipos hechos a medida. Verhoeven Family of Companies es la empresa matriz de dos empresas innovadoras: Verhoeven Material Handling Family y Verhoeven Bakery Equipment Family.<\/p><p>\u00a0<\/p><p><a href=\"https:\/\/www.verhoevenfamily.com\/about-us-mhf\/\" target=\"_blank\" rel=\"noopener\">Verhoeven Material Handling Family<\/a> produce todo a medida para los sistemas internos de manipulaci\u00f3n y transporte en entornos de producci\u00f3n nuevos o existentes de su empresa. Nuestros expertos internos buscan las formas m\u00e1s cortas y eficientes de conseguir la manipulaci\u00f3n y transporte de sus productos.<\/p><p>\u00a0<\/p><p><a href=\"https:\/\/www.verhoevenfamily.com\/about-us-bef\/\" target=\"_blank\" rel=\"noopener\">Verhoeven Bakery Equipment Family<\/a> suministra proyectos llave en mano y utiliza los conocimientos y la experiencia de sus cuatro filiales especializadas: <a href=\"https:\/\/www.bvtbs.com\/\" target=\"_blank\" rel=\"noopener\">BVT Dough Process Solutions<\/a>, donde se producen l\u00edneas de laminado y procesado de cintas de masa; <a href=\"https:\/\/www.newcapbs.com\/\" target=\"_blank\" rel=\"noopener\">New Cap Industrial Handling Solutions<\/a>, que suministra m\u00e1quinas de manipulaci\u00f3n avanzadas; <a href=\"https:\/\/www.vacuumcooling.com\/\" target=\"_blank\" rel=\"noopener\">Vacuum Cooling &amp; Baking Solutions<\/a>, que ha desarrollado un m\u00e9todo con el cual la t\u00e9cnica de refrigeraci\u00f3n al vac\u00edo se puede aplicar a productos de masa a gran escala; y <a href=\"https:\/\/www.bakepackeols.com\/\" target=\"_blank\" rel=\"noopener\">Bakepack End of Line Solutions<\/a>, donde se desarrolla, produce e instala soluciones de fin de l\u00ednea.<\/p><p>\u00a0<\/p><p>Somos un grupo de empresas estrechamente vinculadas que intercambian continuamente conocimientos y desarrollos entre s\u00ed para ayudarse mutuamente a mejorar. Esto no solo mantiene a las empresas individuales en alerta, sino que tambi\u00e9n asegura que el grupo en su conjunto pueda crecer. Para ofrecer a nuestros clientes la m\u00e1xima flexibilidad, rapidez y calidad, producimos internamente todo lo que ofrecemos. Desde los materiales b\u00e1sicos hasta el producto final. \u00bfLe gustar\u00eda conocer mejor a la familia Verhoeven? En ese caso, haga <a href=\"https:\/\/www.verhoevenfamily.com\/\" target=\"_blank\" rel=\"noopener\">clic aqu\u00ed<\/a>.<\/p>\t\t\t\t\t\t\t\t<\/div>\n\t\t\t\t<\/div>\n\t\t\t\t\t<\/div>\n\t\t<\/div>\n\t\t\t\t<div class=\"elementor-column elementor-col-50 elementor-top-column elementor-element elementor-element-285bb5e\" data-id=\"285bb5e\" data-element_type=\"column\" data-e-type=\"column\">\n\t\t\t<div class=\"elementor-widget-wrap elementor-element-populated\">\n\t\t\t\t\t\t<section class=\"elementor-section elementor-inner-section elementor-element elementor-element-5420cd3 elementor-section-boxed elementor-section-height-default elementor-section-height-default\" data-id=\"5420cd3\" data-element_type=\"section\" data-e-type=\"section\">\n\t\t\t\t\t\t<div class=\"elementor-container elementor-column-gap-default\">\n\t\t\t\t\t<div class=\"elementor-column elementor-col-100 elementor-inner-column elementor-element elementor-element-d997b27\" data-id=\"d997b27\" data-element_type=\"column\" data-e-type=\"column\">\n\t\t\t<div class=\"elementor-widget-wrap elementor-element-populated\">\n\t\t\t\t\t\t<div class=\"elementor-element elementor-element-3650873 elementor-widget elementor-widget-spacer\" data-id=\"3650873\" data-element_type=\"widget\" data-e-type=\"widget\" data-widget_type=\"spacer.default\">\n\t\t\t\t<div class=\"elementor-widget-container\">\n\t\t\t\t\t\t\t<div class=\"elementor-spacer\">\n\t\t\t<div class=\"elementor-spacer-inner\"><\/div>\n\t\t<\/div>\n\t\t\t\t\t\t<\/div>\n\t\t\t\t<\/div>\n\t\t\t\t\t<\/div>\n\t\t<\/div>\n\t\t\t\t\t<\/div>\n\t\t<\/section>\n\t\t\t\t<div class=\"elementor-element elementor-element-e6d7a8a elementor-widget elementor-widget-image\" data-id=\"e6d7a8a\" data-element_type=\"widget\" data-e-type=\"widget\" data-widget_type=\"image.default\">\n\t\t\t\t<div class=\"elementor-widget-container\">\n\t\t\t\t\t\t\t\t\t\t\t\t\t\t\t<img fetchpriority=\"high\" decoding=\"async\" width=\"2000\" height=\"1317\" src=\"https:\/\/www.newcapbs.com\/wp-content\/uploads\/2020\/05\/Timeline-Verhoeven-structuur.jpg\" class=\"attachment-full size-full wp-image-2018\" alt=\"\" srcset=\"https:\/\/www.newcapbs.com\/wp-content\/uploads\/2020\/05\/Timeline-Verhoeven-structuur.jpg 2000w, https:\/\/www.newcapbs.com\/wp-content\/uploads\/2020\/05\/Timeline-Verhoeven-structuur-300x198.jpg 300w, https:\/\/www.newcapbs.com\/wp-content\/uploads\/2020\/05\/Timeline-Verhoeven-structuur-1024x674.jpg 1024w, https:\/\/www.newcapbs.com\/wp-content\/uploads\/2020\/05\/Timeline-Verhoeven-structuur-768x506.jpg 768w, https:\/\/www.newcapbs.com\/wp-content\/uploads\/2020\/05\/Timeline-Verhoeven-structuur-1536x1011.jpg 1536w, https:\/\/www.newcapbs.com\/wp-content\/uploads\/2020\/05\/Timeline-Verhoeven-structuur-700x461.jpg 700w\" sizes=\"(max-width: 2000px) 100vw, 2000px\" \/>\t\t\t\t\t\t\t\t\t\t\t\t\t\t\t<\/div>\n\t\t\t\t<\/div>\n\t\t\t\t\t<\/div>\n\t\t<\/div>\n\t\t\t\t\t<\/div>\n\t\t<\/section>\n\t\t\t\t<section class=\"elementor-section elementor-top-section elementor-element elementor-element-9533c02 elementor-section-boxed elementor-section-height-default elementor-section-height-default\" data-id=\"9533c02\" data-element_type=\"section\" data-e-type=\"section\">\n\t\t\t\t\t\t<div class=\"elementor-container elementor-column-gap-default\">\n\t\t\t\t\t<div class=\"elementor-column elementor-col-100 elementor-top-column elementor-element elementor-element-26e910e\" data-id=\"26e910e\" data-element_type=\"column\" data-e-type=\"column\">\n\t\t\t<div class=\"elementor-widget-wrap elementor-element-populated\">\n\t\t\t\t\t\t<div class=\"elementor-element elementor-element-c2ad56e elementor-widget elementor-widget-image\" data-id=\"c2ad56e\" data-element_type=\"widget\" data-e-type=\"widget\" data-widget_type=\"image.default\">\n\t\t\t\t<div class=\"elementor-widget-container\">\n\t\t\t\t\t\t\t\t\t\t\t\t\t\t\t<img decoding=\"async\" width=\"2560\" height=\"1583\" src=\"https:\/\/www.newcapbs.com\/wp-content\/uploads\/2020\/05\/pandnew-belettering-scaled.jpg\" class=\"attachment-full size-full wp-image-2020\" alt=\"New build office building of Verhoeven Family of Companies\" srcset=\"https:\/\/www.newcapbs.com\/wp-content\/uploads\/2020\/05\/pandnew-belettering-scaled.jpg 2560w, https:\/\/www.newcapbs.com\/wp-content\/uploads\/2020\/05\/pandnew-belettering-300x186.jpg 300w, https:\/\/www.newcapbs.com\/wp-content\/uploads\/2020\/05\/pandnew-belettering-1024x633.jpg 1024w, https:\/\/www.newcapbs.com\/wp-content\/uploads\/2020\/05\/pandnew-belettering-768x475.jpg 768w, https:\/\/www.newcapbs.com\/wp-content\/uploads\/2020\/05\/pandnew-belettering-1536x950.jpg 1536w, https:\/\/www.newcapbs.com\/wp-content\/uploads\/2020\/05\/pandnew-belettering-2048x1266.jpg 2048w, https:\/\/www.newcapbs.com\/wp-content\/uploads\/2020\/05\/pandnew-belettering-700x433.jpg 700w\" sizes=\"(max-width: 2560px) 100vw, 2560px\" \/>\t\t\t\t\t\t\t\t\t\t\t\t\t\t\t<\/div>\n\t\t\t\t<\/div>\n\t\t\t\t<div class=\"elementor-element elementor-element-d1bf0af elementor-widget elementor-widget-spacer\" data-id=\"d1bf0af\" data-element_type=\"widget\" data-e-type=\"widget\" data-widget_type=\"spacer.default\">\n\t\t\t\t<div class=\"elementor-widget-container\">\n\t\t\t\t\t\t\t<div class=\"elementor-spacer\">\n\t\t\t<div class=\"elementor-spacer-inner\"><\/div>\n\t\t<\/div>\n\t\t\t\t\t\t<\/div>\n\t\t\t\t<\/div>\n\t\t\t\t\t<\/div>\n\t\t<\/div>\n\t\t\t\t\t<\/div>\n\t\t<\/section>\n\t\t\t\t<\/div>\n\t\t","protected":false},"excerpt":{"rendered":"<p>Nuestra Family Verhoeven Family of Companies desarrolla, produce y suministra sistemas de transporte interno, almacenamiento y manipulaci\u00f3n de materiales, as\u00ed como equipos hechos a medida. Verhoeven Family of Companies es la empresa matriz de dos empresas innovadoras: Verhoeven Material Handling Family y Verhoeven Bakery Equipment&#8230;<\/p>\n","protected":false},"author":7,"featured_media":0,"parent":0,"menu_order":0,"comment_status":"closed","ping_status":"closed","template":"","meta":{"footnotes":""},"class_list":["post-3433","page","type-page","status-publish","hentry"],"yoast_head":"<!-- This site is optimized with the Yoast SEO Premium plugin v27.2 (Yoast SEO v27.2) - https:\/\/yoast.com\/product\/yoast-seo-premium-wordpress\/ -->\n<title>Nuestra Familia - NewCap<\/title>\n<meta name=\"robots\" content=\"index, follow, max-snippet:-1, max-image-preview:large, max-video-preview:-1\" \/>\n<link rel=\"canonical\" href=\"https:\/\/www.newcapbs.com\/es\/nuestra-familia\/\" \/>\n<meta property=\"og:locale\" content=\"es_ES\" \/>\n<meta property=\"og:type\" content=\"article\" \/>\n<meta property=\"og:title\" content=\"Nuestra Familia\" \/>\n<meta property=\"og:description\" content=\"Nuestra Family Verhoeven Family of Companies desarrolla, produce y suministra sistemas de transporte interno, almacenamiento y manipulaci\u00f3n de materiales, as\u00ed como equipos hechos a medida. Verhoeven Family of Companies es la empresa matriz de dos empresas innovadoras: Verhoeven Material Handling Family y Verhoeven Bakery Equipment...\" \/>\n<meta property=\"og:url\" content=\"https:\/\/www.newcapbs.com\/es\/nuestra-familia\/\" \/>\n<meta property=\"og:site_name\" content=\"NewCap\" \/>\n<meta property=\"article:modified_time\" content=\"2020-07-17T14:44:04+00:00\" \/>\n<meta property=\"og:image\" content=\"https:\/\/www.newcapbs.com\/wp-content\/uploads\/2020\/05\/Timeline-Verhoeven-structuur.jpg\" \/>\n<meta name=\"twitter:card\" content=\"summary_large_image\" \/>\n<meta name=\"twitter:label1\" content=\"Tiempo de lectura\" \/>\n\t<meta name=\"twitter:data1\" content=\"1 minuto\" \/>\n<script type=\"application\/ld+json\" class=\"yoast-schema-graph\">{\"@context\":\"https:\/\/schema.org\",\"@graph\":[{\"@type\":\"WebPage\",\"@id\":\"https:\/\/www.newcapbs.com\/es\/nuestra-familia\/\",\"url\":\"https:\/\/www.newcapbs.com\/es\/nuestra-familia\/\",\"name\":\"Nuestra Familia - NewCap\",\"isPartOf\":{\"@id\":\"https:\/\/www.newcapbs.com\/#website\"},\"primaryImageOfPage\":{\"@id\":\"https:\/\/www.newcapbs.com\/es\/nuestra-familia\/#primaryimage\"},\"image\":{\"@id\":\"https:\/\/www.newcapbs.com\/es\/nuestra-familia\/#primaryimage\"},\"thumbnailUrl\":\"https:\/\/www.newcapbs.com\/wp-content\/uploads\/2020\/05\/Timeline-Verhoeven-structuur.jpg\",\"datePublished\":\"2020-06-19T11:38:04+00:00\",\"dateModified\":\"2020-07-17T14:44:04+00:00\",\"breadcrumb\":{\"@id\":\"https:\/\/www.newcapbs.com\/es\/nuestra-familia\/#breadcrumb\"},\"inLanguage\":\"es\",\"potentialAction\":[{\"@type\":\"ReadAction\",\"target\":[\"https:\/\/www.newcapbs.com\/es\/nuestra-familia\/\"]}]},{\"@type\":\"ImageObject\",\"inLanguage\":\"es\",\"@id\":\"https:\/\/www.newcapbs.com\/es\/nuestra-familia\/#primaryimage\",\"url\":\"https:\/\/www.newcapbs.com\/wp-content\/uploads\/2020\/05\/Timeline-Verhoeven-structuur.jpg\",\"contentUrl\":\"https:\/\/www.newcapbs.com\/wp-content\/uploads\/2020\/05\/Timeline-Verhoeven-structuur.jpg\"},{\"@type\":\"BreadcrumbList\",\"@id\":\"https:\/\/www.newcapbs.com\/es\/nuestra-familia\/#breadcrumb\",\"itemListElement\":[{\"@type\":\"ListItem\",\"position\":1,\"name\":\"Home\",\"item\":\"https:\/\/www.newcapbs.com\/es\/\"},{\"@type\":\"ListItem\",\"position\":2,\"name\":\"Nuestra Familia\"}]},{\"@type\":\"WebSite\",\"@id\":\"https:\/\/www.newcapbs.com\/#website\",\"url\":\"https:\/\/www.newcapbs.com\/\",\"name\":\"NewCap\",\"description\":\"Newcap INDUSTRIAL HANDLING SOLUTIONS\",\"potentialAction\":[{\"@type\":\"SearchAction\",\"target\":{\"@type\":\"EntryPoint\",\"urlTemplate\":\"https:\/\/www.newcapbs.com\/?s={search_term_string}\"},\"query-input\":{\"@type\":\"PropertyValueSpecification\",\"valueRequired\":true,\"valueName\":\"search_term_string\"}}],\"inLanguage\":\"es\"}]}<\/script>\n<!-- \/ Yoast SEO Premium plugin. -->","yoast_head_json":{"title":"Nuestra Familia - NewCap","robots":{"index":"index","follow":"follow","max-snippet":"max-snippet:-1","max-image-preview":"max-image-preview:large","max-video-preview":"max-video-preview:-1"},"canonical":"https:\/\/www.newcapbs.com\/es\/nuestra-familia\/","og_locale":"es_ES","og_type":"article","og_title":"Nuestra Familia","og_description":"Nuestra Family Verhoeven Family of Companies desarrolla, produce y suministra sistemas de transporte interno, almacenamiento y manipulaci\u00f3n de materiales, as\u00ed como equipos hechos a medida. Verhoeven Family of Companies es la empresa matriz de dos empresas innovadoras: Verhoeven Material Handling Family y Verhoeven Bakery Equipment...","og_url":"https:\/\/www.newcapbs.com\/es\/nuestra-familia\/","og_site_name":"NewCap","article_modified_time":"2020-07-17T14:44:04+00:00","og_image":[{"url":"https:\/\/www.newcapbs.com\/wp-content\/uploads\/2020\/05\/Timeline-Verhoeven-structuur.jpg","type":"","width":"","height":""}],"twitter_card":"summary_large_image","twitter_misc":{"Tiempo de lectura":"1 minuto"},"schema":{"@context":"https:\/\/schema.org","@graph":[{"@type":"WebPage","@id":"https:\/\/www.newcapbs.com\/es\/nuestra-familia\/","url":"https:\/\/www.newcapbs.com\/es\/nuestra-familia\/","name":"Nuestra Familia - NewCap","isPartOf":{"@id":"https:\/\/www.newcapbs.com\/#website"},"primaryImageOfPage":{"@id":"https:\/\/www.newcapbs.com\/es\/nuestra-familia\/#primaryimage"},"image":{"@id":"https:\/\/www.newcapbs.com\/es\/nuestra-familia\/#primaryimage"},"thumbnailUrl":"https:\/\/www.newcapbs.com\/wp-content\/uploads\/2020\/05\/Timeline-Verhoeven-structuur.jpg","datePublished":"2020-06-19T11:38:04+00:00","dateModified":"2020-07-17T14:44:04+00:00","breadcrumb":{"@id":"https:\/\/www.newcapbs.com\/es\/nuestra-familia\/#breadcrumb"},"inLanguage":"es","potentialAction":[{"@type":"ReadAction","target":["https:\/\/www.newcapbs.com\/es\/nuestra-familia\/"]}]},{"@type":"ImageObject","inLanguage":"es","@id":"https:\/\/www.newcapbs.com\/es\/nuestra-familia\/#primaryimage","url":"https:\/\/www.newcapbs.com\/wp-content\/uploads\/2020\/05\/Timeline-Verhoeven-structuur.jpg","contentUrl":"https:\/\/www.newcapbs.com\/wp-content\/uploads\/2020\/05\/Timeline-Verhoeven-structuur.jpg"},{"@type":"BreadcrumbList","@id":"https:\/\/www.newcapbs.com\/es\/nuestra-familia\/#breadcrumb","itemListElement":[{"@type":"ListItem","position":1,"name":"Home","item":"https:\/\/www.newcapbs.com\/es\/"},{"@type":"ListItem","position":2,"name":"Nuestra Familia"}]},{"@type":"WebSite","@id":"https:\/\/www.newcapbs.com\/#website","url":"https:\/\/www.newcapbs.com\/","name":"NewCap","description":"Newcap INDUSTRIAL HANDLING SOLUTIONS","potentialAction":[{"@type":"SearchAction","target":{"@type":"EntryPoint","urlTemplate":"https:\/\/www.newcapbs.com\/?s={search_term_string}"},"query-input":{"@type":"PropertyValueSpecification","valueRequired":true,"valueName":"search_term_string"}}],"inLanguage":"es"}]}},"_links":{"self":[{"href":"https:\/\/www.newcapbs.com\/es\/wp-json\/wp\/v2\/pages\/3433","targetHints":{"allow":["GET"]}}],"collection":[{"href":"https:\/\/www.newcapbs.com\/es\/wp-json\/wp\/v2\/pages"}],"about":[{"href":"https:\/\/www.newcapbs.com\/es\/wp-json\/wp\/v2\/types\/page"}],"author":[{"embeddable":true,"href":"https:\/\/www.newcapbs.com\/es\/wp-json\/wp\/v2\/users\/7"}],"replies":[{"embeddable":true,"href":"https:\/\/www.newcapbs.com\/es\/wp-json\/wp\/v2\/comments?post=3433"}],"version-history":[{"count":0,"href":"https:\/\/www.newcapbs.com\/es\/wp-json\/wp\/v2\/pages\/3433\/revisions"}],"wp:attachment":[{"href":"https:\/\/www.newcapbs.com\/es\/wp-json\/wp\/v2\/media?parent=3433"}],"curies":[{"name":"wp","href":"https:\/\/api.w.org\/{rel}","templated":true}]}}