{"id":3530,"date":"2020-06-19T11:49:50","date_gmt":"2020-06-19T11:49:50","guid":{"rendered":"https:\/\/www.newcapbs.com\/?page_id=3530"},"modified":"2020-07-02T13:24:11","modified_gmt":"2020-07-02T13:24:11","slug":"geschichte","status":"publish","type":"page","link":"https:\/\/www.newcapbs.com\/de\/geschichte\/","title":{"rendered":"Geschichte"},"content":{"rendered":"\t\t<div data-elementor-type=\"wp-page\" data-elementor-id=\"3530\" class=\"elementor elementor-3530 elementor-546\" data-elementor-post-type=\"page\">\n\t\t\t\t\t\t<section class=\"elementor-section elementor-top-section elementor-element elementor-element-fbac9b2 elementor-section-boxed elementor-section-height-default elementor-section-height-default\" data-id=\"fbac9b2\" data-element_type=\"section\" data-e-type=\"section\">\n\t\t\t\t\t\t<div class=\"elementor-container elementor-column-gap-default\">\n\t\t\t\t\t<div class=\"elementor-column elementor-col-100 elementor-top-column elementor-element elementor-element-38950e1\" data-id=\"38950e1\" data-element_type=\"column\" data-e-type=\"column\">\n\t\t\t<div class=\"elementor-widget-wrap elementor-element-populated\">\n\t\t\t\t\t\t<div class=\"elementor-element elementor-element-33f4a53 din elementor-widget elementor-widget-heading\" data-id=\"33f4a53\" data-element_type=\"widget\" data-e-type=\"widget\" data-widget_type=\"heading.default\">\n\t\t\t\t<div class=\"elementor-widget-container\">\n\t\t\t\t\t<h2 class=\"elementor-heading-title elementor-size-default\">Geschichte<\/h2>\t\t\t\t<\/div>\n\t\t\t\t<\/div>\n\t\t\t\t\t<\/div>\n\t\t<\/div>\n\t\t\t\t\t<\/div>\n\t\t<\/section>\n\t\t\t\t<section class=\"elementor-section elementor-top-section elementor-element elementor-element-8a5a9c6 elementor-section-boxed elementor-section-height-default elementor-section-height-default\" data-id=\"8a5a9c6\" data-element_type=\"section\" data-e-type=\"section\">\n\t\t\t\t\t\t<div class=\"elementor-container elementor-column-gap-default\">\n\t\t\t\t\t<div class=\"elementor-column elementor-col-50 elementor-top-column elementor-element elementor-element-5333db2\" data-id=\"5333db2\" data-element_type=\"column\" data-e-type=\"column\">\n\t\t\t<div class=\"elementor-widget-wrap elementor-element-populated\">\n\t\t\t\t\t\t<div class=\"elementor-element elementor-element-3924e68 elementor-widget elementor-widget-text-editor\" data-id=\"3924e68\" data-element_type=\"widget\" data-e-type=\"widget\" data-widget_type=\"text-editor.default\">\n\t\t\t\t<div class=\"elementor-widget-container\">\n\t\t\t\t\t\t\t\t\t<p>NewCap ist Teil der Verhoeven Bakery Equipment Family und auf die Entwicklung und Herstellung kundenspezifischer Handhabungsl\u00f6sungen f\u00fcr die Backwarenindustrie spezialisiert. Das Unternehmen wurde 2015 von \u201eVerhoeven Oss\u201c gegr\u00fcndet, als sich Verhoeven weiter auf den Brotsektor spezialisieren wollte.<\/p><p>\u00a0<\/p><p>Verhoeven produzierte bereits seit mehr als 40 Jahren verschiedene Ersatzteile f\u00fcr Capway Systems, einen Technologiebetrieb im Bereich der Lebensmittelverarbeitung. Als Capway Systems im Jahr 2015 ihre T\u00fcren schloss, erkannte Verhoeven eine M\u00f6glichkeit der gew\u00fcnschten Erweiterung. Um die erforderlichen Fertigkeiten und Kenntnisse zu wahren, bot das Unternehmen zuverl\u00e4ssigen Mitarbeitern von Capway eine Stelle an, ver\u00e4nderte den Firmennamen, um die Aufmerksamkeit auf das \u201eneue\u201c Unternehmen zu lenken, und NewCap war geboren. Der Rest, wie man so sch\u00f6n sagt, ist Geschichte.<\/p>\t\t\t\t\t\t\t\t<\/div>\n\t\t\t\t<\/div>\n\t\t\t\t<div class=\"elementor-element elementor-element-df28432 elementor-widget elementor-widget-spacer\" data-id=\"df28432\" data-element_type=\"widget\" data-e-type=\"widget\" data-widget_type=\"spacer.default\">\n\t\t\t\t<div class=\"elementor-widget-container\">\n\t\t\t\t\t\t\t<div class=\"elementor-spacer\">\n\t\t\t<div class=\"elementor-spacer-inner\"><\/div>\n\t\t<\/div>\n\t\t\t\t\t\t<\/div>\n\t\t\t\t<\/div>\n\t\t\t\t\t<\/div>\n\t\t<\/div>\n\t\t\t\t<div class=\"elementor-column elementor-col-50 elementor-top-column elementor-element elementor-element-285bb5e\" data-id=\"285bb5e\" data-element_type=\"column\" data-e-type=\"column\">\n\t\t\t<div class=\"elementor-widget-wrap\">\n\t\t\t\t\t\t\t<\/div>\n\t\t<\/div>\n\t\t\t\t\t<\/div>\n\t\t<\/section>\n\t\t\t\t<section class=\"elementor-section elementor-top-section elementor-element elementor-element-b0add00 elementor-section-boxed elementor-section-height-default elementor-section-height-default\" data-id=\"b0add00\" data-element_type=\"section\" data-e-type=\"section\">\n\t\t\t\t\t\t<div class=\"elementor-container elementor-column-gap-default\">\n\t\t\t\t\t<div class=\"elementor-column elementor-col-100 elementor-top-column elementor-element elementor-element-64eb52b\" data-id=\"64eb52b\" data-element_type=\"column\" data-e-type=\"column\">\n\t\t\t<div class=\"elementor-widget-wrap elementor-element-populated\">\n\t\t\t\t\t\t<div class=\"elementor-element elementor-element-f89dd25 elementor-widget elementor-widget-image\" data-id=\"f89dd25\" data-element_type=\"widget\" data-e-type=\"widget\" data-widget_type=\"image.default\">\n\t\t\t\t<div class=\"elementor-widget-container\">\n\t\t\t\t\t\t\t\t\t\t\t\t\t\t\t\t<a href=\"https:\/\/www.newcapbs.com\/de\/organisation\/\">\n\t\t\t\t\t\t\t<img fetchpriority=\"high\" decoding=\"async\" width=\"2000\" height=\"614\" src=\"https:\/\/www.newcapbs.com\/wp-content\/uploads\/2020\/03\/Timeline-Verhoeven2.jpg\" class=\"attachment-full size-full wp-image-1934\" alt=\"\" srcset=\"https:\/\/www.newcapbs.com\/wp-content\/uploads\/2020\/03\/Timeline-Verhoeven2.jpg 2000w, https:\/\/www.newcapbs.com\/wp-content\/uploads\/2020\/03\/Timeline-Verhoeven2-300x92.jpg 300w, https:\/\/www.newcapbs.com\/wp-content\/uploads\/2020\/03\/Timeline-Verhoeven2-1024x314.jpg 1024w, https:\/\/www.newcapbs.com\/wp-content\/uploads\/2020\/03\/Timeline-Verhoeven2-768x236.jpg 768w, https:\/\/www.newcapbs.com\/wp-content\/uploads\/2020\/03\/Timeline-Verhoeven2-1536x472.jpg 1536w, https:\/\/www.newcapbs.com\/wp-content\/uploads\/2020\/03\/Timeline-Verhoeven2-700x215.jpg 700w\" sizes=\"(max-width: 2000px) 100vw, 2000px\" \/>\t\t\t\t\t\t\t\t<\/a>\n\t\t\t\t\t\t\t\t\t\t\t\t\t\t\t<\/div>\n\t\t\t\t<\/div>\n\t\t\t\t<div class=\"elementor-element elementor-element-676decd elementor-widget elementor-widget-spacer\" data-id=\"676decd\" data-element_type=\"widget\" data-e-type=\"widget\" data-widget_type=\"spacer.default\">\n\t\t\t\t<div class=\"elementor-widget-container\">\n\t\t\t\t\t\t\t<div class=\"elementor-spacer\">\n\t\t\t<div class=\"elementor-spacer-inner\"><\/div>\n\t\t<\/div>\n\t\t\t\t\t\t<\/div>\n\t\t\t\t<\/div>\n\t\t\t\t\t<\/div>\n\t\t<\/div>\n\t\t\t\t\t<\/div>\n\t\t<\/section>\n\t\t\t\t<\/div>\n\t\t","protected":false},"excerpt":{"rendered":"<p>Geschichte NewCap ist Teil der Verhoeven Bakery Equipment Family und auf die Entwicklung und Herstellung kundenspezifischer Handhabungsl\u00f6sungen f\u00fcr die Backwarenindustrie spezialisiert. Das Unternehmen wurde 2015 von \u201eVerhoeven Oss\u201c gegr\u00fcndet, als sich Verhoeven weiter auf den Brotsektor spezialisieren wollte. \u00a0 Verhoeven produzierte bereits seit mehr als&#8230;<\/p>\n","protected":false},"author":7,"featured_media":0,"parent":0,"menu_order":0,"comment_status":"closed","ping_status":"closed","template":"","meta":{"footnotes":""},"class_list":["post-3530","page","type-page","status-publish","hentry"],"yoast_head":"<!-- This site is optimized with the Yoast SEO Premium plugin v27.5 (Yoast SEO v27.5) - https:\/\/yoast.com\/product\/yoast-seo-premium-wordpress\/ -->\n<title>Geschichte - NewCap<\/title>\n<meta name=\"robots\" content=\"index, follow, max-snippet:-1, max-image-preview:large, max-video-preview:-1\" \/>\n<link rel=\"canonical\" href=\"https:\/\/www.newcapbs.com\/de\/geschichte\/\" \/>\n<meta property=\"og:locale\" content=\"de_DE\" \/>\n<meta property=\"og:type\" content=\"article\" \/>\n<meta property=\"og:title\" content=\"Geschichte\" \/>\n<meta property=\"og:description\" content=\"Geschichte NewCap ist Teil der Verhoeven Bakery Equipment Family und auf die Entwicklung und Herstellung kundenspezifischer Handhabungsl\u00f6sungen f\u00fcr die Backwarenindustrie spezialisiert. Das Unternehmen wurde 2015 von \u201eVerhoeven Oss\u201c gegr\u00fcndet, als sich Verhoeven weiter auf den Brotsektor spezialisieren wollte. \u00a0 Verhoeven produzierte bereits seit mehr als...\" \/>\n<meta property=\"og:url\" content=\"https:\/\/www.newcapbs.com\/de\/geschichte\/\" \/>\n<meta property=\"og:site_name\" content=\"NewCap\" \/>\n<meta property=\"article:modified_time\" content=\"2020-07-02T13:24:11+00:00\" \/>\n<meta property=\"og:image\" content=\"https:\/\/www.newcapbs.com\/wp-content\/uploads\/2020\/03\/Timeline-Verhoeven2.jpg\" \/>\n<meta name=\"twitter:card\" content=\"summary_large_image\" \/>\n<meta name=\"twitter:label1\" content=\"Gesch\u00e4tzte Lesezeit\" \/>\n\t<meta name=\"twitter:data1\" content=\"1\u00a0Minute\" \/>\n<script type=\"application\/ld+json\" class=\"yoast-schema-graph\">{\"@context\":\"https:\\\/\\\/schema.org\",\"@graph\":[{\"@type\":\"WebPage\",\"@id\":\"https:\\\/\\\/www.newcapbs.com\\\/de\\\/geschichte\\\/\",\"url\":\"https:\\\/\\\/www.newcapbs.com\\\/de\\\/geschichte\\\/\",\"name\":\"Geschichte - NewCap\",\"isPartOf\":{\"@id\":\"https:\\\/\\\/www.newcapbs.com\\\/#website\"},\"primaryImageOfPage\":{\"@id\":\"https:\\\/\\\/www.newcapbs.com\\\/de\\\/geschichte\\\/#primaryimage\"},\"image\":{\"@id\":\"https:\\\/\\\/www.newcapbs.com\\\/de\\\/geschichte\\\/#primaryimage\"},\"thumbnailUrl\":\"https:\\\/\\\/www.newcapbs.com\\\/wp-content\\\/uploads\\\/2020\\\/03\\\/Timeline-Verhoeven2.jpg\",\"datePublished\":\"2020-06-19T11:49:50+00:00\",\"dateModified\":\"2020-07-02T13:24:11+00:00\",\"breadcrumb\":{\"@id\":\"https:\\\/\\\/www.newcapbs.com\\\/de\\\/geschichte\\\/#breadcrumb\"},\"inLanguage\":\"de\",\"potentialAction\":[{\"@type\":\"ReadAction\",\"target\":[\"https:\\\/\\\/www.newcapbs.com\\\/de\\\/geschichte\\\/\"]}]},{\"@type\":\"ImageObject\",\"inLanguage\":\"de\",\"@id\":\"https:\\\/\\\/www.newcapbs.com\\\/de\\\/geschichte\\\/#primaryimage\",\"url\":\"https:\\\/\\\/www.newcapbs.com\\\/wp-content\\\/uploads\\\/2020\\\/03\\\/Timeline-Verhoeven2.jpg\",\"contentUrl\":\"https:\\\/\\\/www.newcapbs.com\\\/wp-content\\\/uploads\\\/2020\\\/03\\\/Timeline-Verhoeven2.jpg\"},{\"@type\":\"BreadcrumbList\",\"@id\":\"https:\\\/\\\/www.newcapbs.com\\\/de\\\/geschichte\\\/#breadcrumb\",\"itemListElement\":[{\"@type\":\"ListItem\",\"position\":1,\"name\":\"Home\",\"item\":\"https:\\\/\\\/www.newcapbs.com\\\/de\\\/\"},{\"@type\":\"ListItem\",\"position\":2,\"name\":\"Geschichte\"}]},{\"@type\":\"WebSite\",\"@id\":\"https:\\\/\\\/www.newcapbs.com\\\/#website\",\"url\":\"https:\\\/\\\/www.newcapbs.com\\\/\",\"name\":\"NewCap\",\"description\":\"Newcap INDUSTRIAL HANDLING SOLUTIONS\",\"potentialAction\":[{\"@type\":\"SearchAction\",\"target\":{\"@type\":\"EntryPoint\",\"urlTemplate\":\"https:\\\/\\\/www.newcapbs.com\\\/?s={search_term_string}\"},\"query-input\":{\"@type\":\"PropertyValueSpecification\",\"valueRequired\":true,\"valueName\":\"search_term_string\"}}],\"inLanguage\":\"de\"}]}<\/script>\n<!-- \/ Yoast SEO Premium plugin. -->","yoast_head_json":{"title":"Geschichte - NewCap","robots":{"index":"index","follow":"follow","max-snippet":"max-snippet:-1","max-image-preview":"max-image-preview:large","max-video-preview":"max-video-preview:-1"},"canonical":"https:\/\/www.newcapbs.com\/de\/geschichte\/","og_locale":"de_DE","og_type":"article","og_title":"Geschichte","og_description":"Geschichte NewCap ist Teil der Verhoeven Bakery Equipment Family und auf die Entwicklung und Herstellung kundenspezifischer Handhabungsl\u00f6sungen f\u00fcr die Backwarenindustrie spezialisiert. Das Unternehmen wurde 2015 von \u201eVerhoeven Oss\u201c gegr\u00fcndet, als sich Verhoeven weiter auf den Brotsektor spezialisieren wollte. \u00a0 Verhoeven produzierte bereits seit mehr als...","og_url":"https:\/\/www.newcapbs.com\/de\/geschichte\/","og_site_name":"NewCap","article_modified_time":"2020-07-02T13:24:11+00:00","og_image":[{"url":"https:\/\/www.newcapbs.com\/wp-content\/uploads\/2020\/03\/Timeline-Verhoeven2.jpg","type":"","width":"","height":""}],"twitter_card":"summary_large_image","twitter_misc":{"Gesch\u00e4tzte Lesezeit":"1\u00a0Minute"},"schema":{"@context":"https:\/\/schema.org","@graph":[{"@type":"WebPage","@id":"https:\/\/www.newcapbs.com\/de\/geschichte\/","url":"https:\/\/www.newcapbs.com\/de\/geschichte\/","name":"Geschichte - NewCap","isPartOf":{"@id":"https:\/\/www.newcapbs.com\/#website"},"primaryImageOfPage":{"@id":"https:\/\/www.newcapbs.com\/de\/geschichte\/#primaryimage"},"image":{"@id":"https:\/\/www.newcapbs.com\/de\/geschichte\/#primaryimage"},"thumbnailUrl":"https:\/\/www.newcapbs.com\/wp-content\/uploads\/2020\/03\/Timeline-Verhoeven2.jpg","datePublished":"2020-06-19T11:49:50+00:00","dateModified":"2020-07-02T13:24:11+00:00","breadcrumb":{"@id":"https:\/\/www.newcapbs.com\/de\/geschichte\/#breadcrumb"},"inLanguage":"de","potentialAction":[{"@type":"ReadAction","target":["https:\/\/www.newcapbs.com\/de\/geschichte\/"]}]},{"@type":"ImageObject","inLanguage":"de","@id":"https:\/\/www.newcapbs.com\/de\/geschichte\/#primaryimage","url":"https:\/\/www.newcapbs.com\/wp-content\/uploads\/2020\/03\/Timeline-Verhoeven2.jpg","contentUrl":"https:\/\/www.newcapbs.com\/wp-content\/uploads\/2020\/03\/Timeline-Verhoeven2.jpg"},{"@type":"BreadcrumbList","@id":"https:\/\/www.newcapbs.com\/de\/geschichte\/#breadcrumb","itemListElement":[{"@type":"ListItem","position":1,"name":"Home","item":"https:\/\/www.newcapbs.com\/de\/"},{"@type":"ListItem","position":2,"name":"Geschichte"}]},{"@type":"WebSite","@id":"https:\/\/www.newcapbs.com\/#website","url":"https:\/\/www.newcapbs.com\/","name":"NewCap","description":"Newcap INDUSTRIAL HANDLING SOLUTIONS","potentialAction":[{"@type":"SearchAction","target":{"@type":"EntryPoint","urlTemplate":"https:\/\/www.newcapbs.com\/?s={search_term_string}"},"query-input":{"@type":"PropertyValueSpecification","valueRequired":true,"valueName":"search_term_string"}}],"inLanguage":"de"}]}},"_links":{"self":[{"href":"https:\/\/www.newcapbs.com\/de\/wp-json\/wp\/v2\/pages\/3530","targetHints":{"allow":["GET"]}}],"collection":[{"href":"https:\/\/www.newcapbs.com\/de\/wp-json\/wp\/v2\/pages"}],"about":[{"href":"https:\/\/www.newcapbs.com\/de\/wp-json\/wp\/v2\/types\/page"}],"author":[{"embeddable":true,"href":"https:\/\/www.newcapbs.com\/de\/wp-json\/wp\/v2\/users\/7"}],"replies":[{"embeddable":true,"href":"https:\/\/www.newcapbs.com\/de\/wp-json\/wp\/v2\/comments?post=3530"}],"version-history":[{"count":0,"href":"https:\/\/www.newcapbs.com\/de\/wp-json\/wp\/v2\/pages\/3530\/revisions"}],"wp:attachment":[{"href":"https:\/\/www.newcapbs.com\/de\/wp-json\/wp\/v2\/media?parent=3530"}],"curies":[{"name":"wp","href":"https:\/\/api.w.org\/{rel}","templated":true}]}}