{"id":3462,"date":"2020-06-19T11:43:26","date_gmt":"2020-06-19T11:43:26","guid":{"rendered":"https:\/\/www.newcapbs.com\/?page_id=3462"},"modified":"2020-07-02T12:01:27","modified_gmt":"2020-07-02T12:01:27","slug":"produkt-handling","status":"publish","type":"page","link":"https:\/\/www.newcapbs.com\/de\/produkt-handling\/","title":{"rendered":"Produkt-Handling"},"content":{"rendered":"\t\t<div data-elementor-type=\"wp-page\" data-elementor-id=\"3462\" class=\"elementor elementor-3462 elementor-506\" data-elementor-post-type=\"page\">\n\t\t\t\t\t\t<section class=\"elementor-section elementor-top-section elementor-element elementor-element-bf27c24 elementor-section-full_width elementor-section-height-min-height elementor-section-stretched elementor-section-height-default elementor-section-items-middle\" data-id=\"bf27c24\" data-element_type=\"section\" data-e-type=\"section\" data-settings=\"{&quot;background_background&quot;:&quot;video&quot;,&quot;background_video_link&quot;:&quot;https:\\\/\\\/vimeo.com\\\/399927726&quot;,&quot;background_play_on_mobile&quot;:&quot;yes&quot;,&quot;stretch_section&quot;:&quot;section-stretched&quot;}\">\n\t\t\t\t\t\t\t\t<div class=\"elementor-background-video-container\">\n\t\t\t\t\t\t\t\t\t\t\t\t\t<div class=\"elementor-background-video-embed\" role=\"presentation\"><\/div>\n\t\t\t\t\t\t\t\t\t\t\t\t<\/div>\n\t\t\t\t\t\t\t\t\t<div class=\"elementor-background-overlay\"><\/div>\n\t\t\t\t\t\t\t<div class=\"elementor-container elementor-column-gap-default\">\n\t\t\t\t\t<div class=\"elementor-column elementor-col-100 elementor-top-column elementor-element elementor-element-659928b7\" data-id=\"659928b7\" data-element_type=\"column\" data-e-type=\"column\">\n\t\t\t<div class=\"elementor-widget-wrap\">\n\t\t\t\t\t\t\t<\/div>\n\t\t<\/div>\n\t\t\t\t\t<\/div>\n\t\t<\/section>\n\t\t\t\t<section class=\"elementor-section elementor-top-section elementor-element elementor-element-fbac9b2 elementor-section-boxed elementor-section-height-default elementor-section-height-default\" data-id=\"fbac9b2\" data-element_type=\"section\" data-e-type=\"section\">\n\t\t\t\t\t\t<div class=\"elementor-container elementor-column-gap-default\">\n\t\t\t\t\t<div class=\"elementor-column elementor-col-100 elementor-top-column elementor-element elementor-element-38950e1\" data-id=\"38950e1\" data-element_type=\"column\" data-e-type=\"column\">\n\t\t\t<div class=\"elementor-widget-wrap elementor-element-populated\">\n\t\t\t\t\t\t<div class=\"elementor-element elementor-element-33f4a53 din elementor-widget elementor-widget-heading\" data-id=\"33f4a53\" data-element_type=\"widget\" data-e-type=\"widget\" data-widget_type=\"heading.default\">\n\t\t\t\t<div class=\"elementor-widget-container\">\n\t\t\t\t\t<h2 class=\"elementor-heading-title elementor-size-default\">Produkt-Handling<\/h2>\t\t\t\t<\/div>\n\t\t\t\t<\/div>\n\t\t\t\t\t<\/div>\n\t\t<\/div>\n\t\t\t\t\t<\/div>\n\t\t<\/section>\n\t\t\t\t<section class=\"elementor-section elementor-top-section elementor-element elementor-element-b067c6c elementor-section-boxed elementor-section-height-default elementor-section-height-default\" data-id=\"b067c6c\" data-element_type=\"section\" data-e-type=\"section\">\n\t\t\t\t\t\t<div class=\"elementor-container elementor-column-gap-default\">\n\t\t\t\t\t<div class=\"elementor-column elementor-col-50 elementor-top-column elementor-element elementor-element-93211bf\" data-id=\"93211bf\" data-element_type=\"column\" data-e-type=\"column\">\n\t\t\t<div class=\"elementor-widget-wrap elementor-element-populated\">\n\t\t\t\t\t\t<div class=\"elementor-element elementor-element-4bc31a0 elementor-widget elementor-widget-text-editor\" data-id=\"4bc31a0\" data-element_type=\"widget\" data-e-type=\"widget\" data-widget_type=\"text-editor.default\">\n\t\t\t\t<div class=\"elementor-widget-container\">\n\t\t\t\t\t\t\t\t\t<p>F\u00fcr den Transport ihrer warmen und\/oder kalten Produkte kann NewCap ein breites Sortiment an Transportb\u00e4ndern liefern. Wir verf\u00fcgen \u00fcber das richtige Band f\u00fcr den Transport von fast jedem Produkt. Denken Sie dabei an Edelstahl, beschichteten Stahl, Kunststoff, offen oder an ein geschlossenes oder ein spezielles Grifff\u00f6rderband. Auf Wunsch k\u00f6nnen wir auch Einheiten wie vertikale oder horizontale Spalt- und Zusammenf\u00fcgweiche in bestehende Systeme integrieren.\u00a0<\/p>\t\t\t\t\t\t\t\t<\/div>\n\t\t\t\t<\/div>\n\t\t\t\t\t<\/div>\n\t\t<\/div>\n\t\t\t\t<div class=\"elementor-column elementor-col-50 elementor-top-column elementor-element elementor-element-d80f35f\" data-id=\"d80f35f\" data-element_type=\"column\" data-e-type=\"column\">\n\t\t\t<div class=\"elementor-widget-wrap\">\n\t\t\t\t\t\t\t<\/div>\n\t\t<\/div>\n\t\t\t\t\t<\/div>\n\t\t<\/section>\n\t\t\t\t<section class=\"elementor-section elementor-top-section elementor-element elementor-element-8459b1d elementor-section-boxed elementor-section-height-default elementor-section-height-default\" data-id=\"8459b1d\" data-element_type=\"section\" data-e-type=\"section\">\n\t\t\t\t\t\t<div class=\"elementor-container elementor-column-gap-default\">\n\t\t\t\t\t<div class=\"elementor-column elementor-col-100 elementor-top-column elementor-element elementor-element-141892f\" data-id=\"141892f\" data-element_type=\"column\" data-e-type=\"column\">\n\t\t\t<div class=\"elementor-widget-wrap elementor-element-populated\">\n\t\t\t\t\t\t<div class=\"elementor-element elementor-element-6ab1585 elementor-widget elementor-widget-spacer\" data-id=\"6ab1585\" data-element_type=\"widget\" data-e-type=\"widget\" data-widget_type=\"spacer.default\">\n\t\t\t\t<div class=\"elementor-widget-container\">\n\t\t\t\t\t\t\t<div class=\"elementor-spacer\">\n\t\t\t<div class=\"elementor-spacer-inner\"><\/div>\n\t\t<\/div>\n\t\t\t\t\t\t<\/div>\n\t\t\t\t<\/div>\n\t\t\t\t\t<\/div>\n\t\t<\/div>\n\t\t\t\t\t<\/div>\n\t\t<\/section>\n\t\t\t\t<\/div>\n\t\t","protected":false},"excerpt":{"rendered":"<p>Produkt-Handling F\u00fcr den Transport ihrer warmen und\/oder kalten Produkte kann NewCap ein breites Sortiment an Transportb\u00e4ndern liefern. Wir verf\u00fcgen \u00fcber das richtige Band f\u00fcr den Transport von fast jedem Produkt. Denken Sie dabei an Edelstahl, beschichteten Stahl, Kunststoff, offen oder an ein geschlossenes oder ein&#8230;<\/p>\n","protected":false},"author":7,"featured_media":0,"parent":0,"menu_order":0,"comment_status":"closed","ping_status":"closed","template":"","meta":{"footnotes":""},"class_list":["post-3462","page","type-page","status-publish","hentry"],"yoast_head":"<!-- This site is optimized with the Yoast SEO Premium plugin v27.5 (Yoast SEO v27.5) - https:\/\/yoast.com\/product\/yoast-seo-premium-wordpress\/ -->\n<title>Produkt-Handling - NewCap<\/title>\n<meta name=\"robots\" content=\"index, follow, max-snippet:-1, max-image-preview:large, max-video-preview:-1\" \/>\n<link rel=\"canonical\" href=\"https:\/\/www.newcapbs.com\/de\/produkt-handling\/\" \/>\n<meta property=\"og:locale\" content=\"de_DE\" \/>\n<meta property=\"og:type\" content=\"article\" \/>\n<meta property=\"og:title\" content=\"Produkt-Handling\" \/>\n<meta property=\"og:description\" content=\"Produkt-Handling F\u00fcr den Transport ihrer warmen und\/oder kalten Produkte kann NewCap ein breites Sortiment an Transportb\u00e4ndern liefern. Wir verf\u00fcgen \u00fcber das richtige Band f\u00fcr den Transport von fast jedem Produkt. Denken Sie dabei an Edelstahl, beschichteten Stahl, Kunststoff, offen oder an ein geschlossenes oder ein...\" \/>\n<meta property=\"og:url\" content=\"https:\/\/www.newcapbs.com\/de\/produkt-handling\/\" \/>\n<meta property=\"og:site_name\" content=\"NewCap\" \/>\n<meta property=\"article:modified_time\" content=\"2020-07-02T12:01:27+00:00\" \/>\n<meta name=\"twitter:card\" content=\"summary_large_image\" \/>\n<script type=\"application\/ld+json\" class=\"yoast-schema-graph\">{\"@context\":\"https:\\\/\\\/schema.org\",\"@graph\":[{\"@type\":\"WebPage\",\"@id\":\"https:\\\/\\\/www.newcapbs.com\\\/de\\\/produkt-handling\\\/\",\"url\":\"https:\\\/\\\/www.newcapbs.com\\\/de\\\/produkt-handling\\\/\",\"name\":\"Produkt-Handling - NewCap\",\"isPartOf\":{\"@id\":\"https:\\\/\\\/www.newcapbs.com\\\/#website\"},\"datePublished\":\"2020-06-19T11:43:26+00:00\",\"dateModified\":\"2020-07-02T12:01:27+00:00\",\"breadcrumb\":{\"@id\":\"https:\\\/\\\/www.newcapbs.com\\\/de\\\/produkt-handling\\\/#breadcrumb\"},\"inLanguage\":\"de\",\"potentialAction\":[{\"@type\":\"ReadAction\",\"target\":[\"https:\\\/\\\/www.newcapbs.com\\\/de\\\/produkt-handling\\\/\"]}]},{\"@type\":\"BreadcrumbList\",\"@id\":\"https:\\\/\\\/www.newcapbs.com\\\/de\\\/produkt-handling\\\/#breadcrumb\",\"itemListElement\":[{\"@type\":\"ListItem\",\"position\":1,\"name\":\"Home\",\"item\":\"https:\\\/\\\/www.newcapbs.com\\\/de\\\/\"},{\"@type\":\"ListItem\",\"position\":2,\"name\":\"Produkt-Handling\"}]},{\"@type\":\"WebSite\",\"@id\":\"https:\\\/\\\/www.newcapbs.com\\\/#website\",\"url\":\"https:\\\/\\\/www.newcapbs.com\\\/\",\"name\":\"NewCap\",\"description\":\"Newcap INDUSTRIAL HANDLING SOLUTIONS\",\"potentialAction\":[{\"@type\":\"SearchAction\",\"target\":{\"@type\":\"EntryPoint\",\"urlTemplate\":\"https:\\\/\\\/www.newcapbs.com\\\/?s={search_term_string}\"},\"query-input\":{\"@type\":\"PropertyValueSpecification\",\"valueRequired\":true,\"valueName\":\"search_term_string\"}}],\"inLanguage\":\"de\"}]}<\/script>\n<!-- \/ Yoast SEO Premium plugin. -->","yoast_head_json":{"title":"Produkt-Handling - NewCap","robots":{"index":"index","follow":"follow","max-snippet":"max-snippet:-1","max-image-preview":"max-image-preview:large","max-video-preview":"max-video-preview:-1"},"canonical":"https:\/\/www.newcapbs.com\/de\/produkt-handling\/","og_locale":"de_DE","og_type":"article","og_title":"Produkt-Handling","og_description":"Produkt-Handling F\u00fcr den Transport ihrer warmen und\/oder kalten Produkte kann NewCap ein breites Sortiment an Transportb\u00e4ndern liefern. Wir verf\u00fcgen \u00fcber das richtige Band f\u00fcr den Transport von fast jedem Produkt. Denken Sie dabei an Edelstahl, beschichteten Stahl, Kunststoff, offen oder an ein geschlossenes oder ein...","og_url":"https:\/\/www.newcapbs.com\/de\/produkt-handling\/","og_site_name":"NewCap","article_modified_time":"2020-07-02T12:01:27+00:00","twitter_card":"summary_large_image","schema":{"@context":"https:\/\/schema.org","@graph":[{"@type":"WebPage","@id":"https:\/\/www.newcapbs.com\/de\/produkt-handling\/","url":"https:\/\/www.newcapbs.com\/de\/produkt-handling\/","name":"Produkt-Handling - NewCap","isPartOf":{"@id":"https:\/\/www.newcapbs.com\/#website"},"datePublished":"2020-06-19T11:43:26+00:00","dateModified":"2020-07-02T12:01:27+00:00","breadcrumb":{"@id":"https:\/\/www.newcapbs.com\/de\/produkt-handling\/#breadcrumb"},"inLanguage":"de","potentialAction":[{"@type":"ReadAction","target":["https:\/\/www.newcapbs.com\/de\/produkt-handling\/"]}]},{"@type":"BreadcrumbList","@id":"https:\/\/www.newcapbs.com\/de\/produkt-handling\/#breadcrumb","itemListElement":[{"@type":"ListItem","position":1,"name":"Home","item":"https:\/\/www.newcapbs.com\/de\/"},{"@type":"ListItem","position":2,"name":"Produkt-Handling"}]},{"@type":"WebSite","@id":"https:\/\/www.newcapbs.com\/#website","url":"https:\/\/www.newcapbs.com\/","name":"NewCap","description":"Newcap INDUSTRIAL HANDLING SOLUTIONS","potentialAction":[{"@type":"SearchAction","target":{"@type":"EntryPoint","urlTemplate":"https:\/\/www.newcapbs.com\/?s={search_term_string}"},"query-input":{"@type":"PropertyValueSpecification","valueRequired":true,"valueName":"search_term_string"}}],"inLanguage":"de"}]}},"_links":{"self":[{"href":"https:\/\/www.newcapbs.com\/de\/wp-json\/wp\/v2\/pages\/3462","targetHints":{"allow":["GET"]}}],"collection":[{"href":"https:\/\/www.newcapbs.com\/de\/wp-json\/wp\/v2\/pages"}],"about":[{"href":"https:\/\/www.newcapbs.com\/de\/wp-json\/wp\/v2\/types\/page"}],"author":[{"embeddable":true,"href":"https:\/\/www.newcapbs.com\/de\/wp-json\/wp\/v2\/users\/7"}],"replies":[{"embeddable":true,"href":"https:\/\/www.newcapbs.com\/de\/wp-json\/wp\/v2\/comments?post=3462"}],"version-history":[{"count":0,"href":"https:\/\/www.newcapbs.com\/de\/wp-json\/wp\/v2\/pages\/3462\/revisions"}],"wp:attachment":[{"href":"https:\/\/www.newcapbs.com\/de\/wp-json\/wp\/v2\/media?parent=3462"}],"curies":[{"name":"wp","href":"https:\/\/api.w.org\/{rel}","templated":true}]}}